{"id":13,"date":"2020-12-21T10:53:39","date_gmt":"2020-12-21T10:53:39","guid":{"rendered":"https:\/\/www.mielcafedesign.com\/itdesign\/?page_id=13"},"modified":"2021-02-09T11:38:54","modified_gmt":"2021-02-09T10:38:54","slug":"interpretoo","status":"publish","type":"page","link":"https:\/\/interpretoo.it\/fr\/","title":{"rendered":"InterpreToo"},"content":{"rendered":"<section id=\"section-2-13\" class=\" ct-section\" ><div class=\"ct-section-inner-wrap\"><div id=\"new_columns-3-13\" class=\"ct-new-columns\" ><div id=\"div_block-4-13\" class=\"ct-div-block\" ><div id=\"div_block-6-13\" class=\"ct-div-block portrait\" ><img id=\"image-7-13\" alt=\"\" src=\"https:\/\/www.mielcafedesign.com\/itdesign\/wp-content\/uploads\/sites\/104\/2020\/12\/InterpreToo-Interpretrariato-E-Traduzioni.jpg\" class=\"ct-image\"\/><\/div><\/div><div id=\"div_block-5-13\" class=\"ct-div-block\" ><div id=\"text_block-8-13\" class=\"ct-text-block\" >Je m\u2019appelle Alessandra Cola<\/div><h2 id=\"headline-10-13\" class=\"ct-headline\">Je suis interpr\u00e8te, traductrice<br>et enseignante<\/h2><div id=\"_rich_text-12-13\" class=\"oxy-rich-text\" ><p>Je collectionne mots, gestes et nuances culturelles pour aider les professionnels \u00e0 faire passer leur message au mieux, faisant fi des barri\u00e8res linguistiques.<\/p><\/div><a id=\"link_button-13-13\" class=\"ct-link-button\" href=\"\/fr\/a-propos\/\"   >En savoir plus<\/a><\/div><\/div><\/div><\/section><section id=\"section-15-13\" class=\" ct-section\" ><div class=\"ct-section-inner-wrap\"><div id=\"text_block-20-13\" class=\"ct-text-block\" >En quoi puis-je vous aider?<br><\/div><div id=\"new_columns-16-13\" class=\"ct-new-columns\" ><div id=\"div_block-17-13\" class=\"ct-div-block\" ><div id=\"div_block-23-13\" class=\"ct-div-block\" ><div id=\"div_block-24-13\" class=\"ct-div-block\" ><\/div><\/div><h3 id=\"headline-31-13\" class=\"ct-headline\">Interpr\u00e9tation<\/h3><div id=\"text_block-41-13\" class=\"ct-text-block\" >Votre message ne devrait<br>pas avoir de fronti\u00e8res<br><\/div><div id=\"_rich_text-50-13\" class=\"oxy-rich-text\" ><p>Les services d\u2019interpr\u00e9tation vous permettent de d\u00e9passer les barri\u00e8res de la langue en vous mettant, vous et votre interlocuteur, \u00e0 votre aise.<\/p><\/div><a id=\"link_button-55-13\" class=\"ct-link-button\" href=\"\/fr\/services\/interpretation\"   >En savoir plus<\/a><\/div><div id=\"div_block-18-13\" class=\"ct-div-block\" ><div id=\"div_block-25-13\" class=\"ct-div-block\" ><div id=\"div_block-26-13\" class=\"ct-div-block\" ><\/div><\/div><h3 id=\"headline-35-13\" class=\"ct-headline\">Traduction<br><\/h3><div id=\"text_block-43-13\" class=\"ct-text-block\" >Les paroles s\u2019envolent,<br>les \u00e9crits restent<br><\/div><div id=\"_rich_text-51-13\" class=\"oxy-rich-text\" ><p>Je vous aiderai \u00e0 faire passer votre message en vous offrant des traductions professionnelles de haut niveau, en ligne avec votre style de communication.<\/p><\/div><a id=\"link_button-56-13\" class=\"ct-link-button\" href=\"\/fr\/services\/traduction\"   >En savoir plus<\/a><\/div><div id=\"div_block-19-13\" class=\"ct-div-block\" ><div id=\"div_block-28-13\" class=\"ct-div-block\" ><div id=\"div_block-29-13\" class=\"ct-div-block\" ><\/div><\/div><h3 id=\"headline-37-13\" class=\"ct-headline\">Formation et conseil<\/h3><div id=\"text_block-46-13\" class=\"ct-text-block\" >Des \u00e9v\u00e8nements, au marketing<br>ou aux cours de langues<\/div><div id=\"_rich_text-53-13\" class=\"oxy-rich-text\" ><p><span style=\"font-weight: 400;\">Je serai \u00e0 vos c\u00f4t\u00e9s dans le d\u00e9veloppement de vos projets, en vous aidant \u00e0 atteindre vos objectifs de fa\u00e7on efficace et professionnelle.<\/span><\/p><\/div><a id=\"link_button-59-13\" class=\"ct-link-button\" href=\"\/fr\/services\/formation-et-conseil\"   >En savoir plus<\/a><\/div><\/div><\/div><\/section><section id=\"section-61-13\" class=\" ct-section\" style=\"background-image:linear-gradient(rgba(255,255,255,0.79), rgba(255,255,255,0.79)), url(\/wp-content\/themes\/interpretoodesign\/images\/Pattern-MistyBlue.png);background-size:auto,  7% auto;\" ><div class=\"ct-section-inner-wrap\"><div id=\"div_block-81-13\" class=\"ct-div-block\" ><link rel='stylesheet' id='oxygen-unslider-css'  href='https:\/\/interpretoo.it\/fr\/wp-content\/plugins\/oxygen\/component-framework\/vendor\/unslider\/unslider.css' type='text\/css' media='all'\/><div id=\"slider-62-13\" class=\"ct-slider ct_unique_slider_4805\" ><div class=\"oxygen-unslider-container\"><ul><li><div id=\"slide-63-13\" class=\"ct-slide\" ><div id=\"text_block-93-13\" class=\"ct-text-block\" >\u201c<\/div><div id=\"text_block-69-13\" class=\"ct-text-block\" >Ce que vous dites de moi<\/div><div id=\"_rich_text-74-13\" class=\"oxy-rich-text\" ><p><span style=\"font-weight: 400;\">For four days recently, Alessandra and a colleague translated for two of us Englishmen, as we taught some senior Italians a complex subject. We taught for seven hours each day, including interactive sessions when the delegates would choose whether to speak English or Italian. Not only was her translation immaculate, she never once lost her smile and never got flustered. This woman is seriously good and I warmly recommend her simultaneous translation services to anyone.<\/span><\/p><\/div><div id=\"text_block-76-13\" class=\"ct-text-block\" >STEPHEN PIDGEON - VISITING PROFESSOR OF DIRECT RESPONSE FUNDRAISING AT UNIVERSITY OF PLYMOUTH<\/div><\/div><\/li><li><div id=\"slide-115-13\" class=\"ct-slide\" ><div id=\"text_block-116-13\" class=\"ct-text-block\" >\u201c<\/div><div id=\"text_block-117-13\" class=\"ct-text-block\" >Ce que vous dites de moi<\/div><div id=\"_rich_text-118-13\" class=\"oxy-rich-text\" ><p><span style=\"font-weight: 400;\">Alessandra is everything you could want in a simultaneous translator. She is efficient, well-prepared, has an excellent vocabulary including the ability to translate my terrible jokes into Italian, and keeps on going under pressure. I recommend her and her team.<\/span><\/p><\/div><div id=\"text_block-119-13\" class=\"ct-text-block\" >CHRISTOPHER CARNIE - DIRECTOR AT FACTARY<\/div><\/div><\/li><\/ul><\/div><\/div><script class=\"ct-slider-script\">jQuery(document).ready(function($){$('#slider-62-13.ct_unique_slider_4805 .oxygen-unslider-container:not(.unslider-horizontal,.unslider-fade)').unslider({autoplay: true, delay: 5000, animation: 'fade', speed : 750, arrows: false, nav: true, infinite: false})});<\/script><div id=\"div_block-90-13\" class=\"ct-div-block\" ><\/div><div id=\"div_block-92-13\" class=\"ct-div-block\" ><\/div><\/div><\/div><\/section><section id=\"section-98-13\" class=\" ct-section\" style=\"background-image:url(\/wp-content\/uploads\/2020\/12\/InterpreToo-Interpretrariato-E-Traduzioni-Alessandra-Cola.jpg);background-size: cover;\" ><div class=\"ct-section-inner-wrap\"><\/div><\/section><section id=\"section-101-13\" class=\" ct-section\" ><div class=\"ct-section-inner-wrap\"><div id=\"div_block-99-13\" class=\"ct-div-block\" ><div id=\"text_block-104-13\" class=\"ct-text-block\" >En quoi puis-je vous aider?<\/div><div id=\"_rich_text-108-13\" class=\"oxy-rich-text\" ><p>Remplissez le formulaire ci-dessous et expliquez-moi ce dont vous avez besoin.<\/p><\/div><div id=\"div_block-109-13\" class=\"ct-div-block\" ><\/div><div id=\"shortcode-110-13\" class=\"ct-shortcode\" ><div role=\"form\" class=\"wpcf7\" id=\"wpcf7-f154-o1\" lang=\"it-IT\" dir=\"ltr\">\n<div class=\"screen-reader-response\"><p role=\"status\" aria-live=\"polite\" aria-atomic=\"true\"><\/p> <ul><\/ul><\/div>\n<form action=\"\/fr\/wp-json\/wp\/v2\/pages\/13#wpcf7-f154-o1\" method=\"post\" class=\"wpcf7-form init\" enctype=\"multipart\/form-data\" novalidate=\"novalidate\" data-status=\"init\">\n<div style=\"display: none;\">\n<input type=\"hidden\" name=\"_wpcf7\" value=\"154\" \/>\n<input type=\"hidden\" name=\"_wpcf7_version\" value=\"5.4\" \/>\n<input type=\"hidden\" name=\"_wpcf7_locale\" value=\"it_IT\" \/>\n<input type=\"hidden\" name=\"_wpcf7_unit_tag\" value=\"wpcf7-f154-o1\" \/>\n<input type=\"hidden\" name=\"_wpcf7_container_post\" value=\"0\" \/>\n<input type=\"hidden\" name=\"_wpcf7_posted_data_hash\" value=\"\" \/>\n<input type=\"hidden\" name=\"_wpcf7_recaptcha_response\" value=\"\" \/>\n<\/div>\n<div class=\"primariga\"><span class=\"wpcf7-form-control-wrap your-name\"><input type=\"text\" name=\"your-name\" value=\"\" size=\"40\" class=\"wpcf7-form-control wpcf7-text wpcf7-validates-as-required\" aria-required=\"true\" aria-invalid=\"false\" placeholder=\"Nom*\" \/><\/span><span class=\"wpcf7-form-control-wrap your-surname\"><input type=\"text\" name=\"your-surname\" value=\"\" size=\"40\" class=\"wpcf7-form-control wpcf7-text\" aria-invalid=\"false\" placeholder=\"Pr\u00e9nom\" \/><\/span><\/div>\n<p><span class=\"wpcf7-form-control-wrap your-email\"><input type=\"email\" name=\"your-email\" value=\"\" size=\"40\" class=\"wpcf7-form-control wpcf7-text wpcf7-email wpcf7-validates-as-required wpcf7-validates-as-email\" aria-required=\"true\" aria-invalid=\"false\" placeholder=\"Email*\" \/><\/span><\/p>\n<p><span class=\"wpcf7-form-control-wrap Tipodirichiesta\"><select name=\"Tipodirichiesta\" class=\"wpcf7-form-control wpcf7-select\" aria-invalid=\"false\"><option value=\"\">---<\/option><option value=\"Traduction\">Traduction<\/option><option value=\"Interpr\u00e9tation\">Interpr\u00e9tation<\/option><option value=\"Formation et conseil\">Formation et conseil<\/option><\/select><\/span><\/p>\n<p><span class=\"wpcf7-form-control-wrap LingueDiLavoro\"><select name=\"LingueDiLavoro\" class=\"wpcf7-form-control wpcf7-select\" aria-invalid=\"false\"><option value=\"\">---<\/option><option value=\"Italien\">Italien<\/option><option value=\"Anglais\">Anglais<\/option><option value=\"Fran\u00e7ais\">Fran\u00e7ais<\/option><\/select><\/span><\/p>\n<p><span class=\"wpcf7-form-control-wrap your-message\"><textarea name=\"your-message\" cols=\"40\" rows=\"10\" class=\"wpcf7-form-control wpcf7-textarea wpcf7-validates-as-required\" aria-required=\"true\" aria-invalid=\"false\" placeholder=\"Autres informations...*\"><\/textarea><\/span><\/p>\n<p><span class=\"wpcf7-form-control-wrap fileallegato\"><input type=\"file\" name=\"fileallegato\" size=\"40\" class=\"wpcf7-form-control wpcf7-file wpcf7-validates-as-required\" accept=\".jpg,.jpeg,.png,.gif,.pdf,.doc,.docx,.ppt,.pptx,.odt,.avi,.ogg,.m4a,.mov,.mp3,.mp4,.mpg,.wav,.wmv\" aria-required=\"true\" aria-invalid=\"false\" \/><\/span><\/p>\n<p style=\"font-size:12px\">*Merci, si possible, de bien vouloir joindre des fichiers que l\u2019on peut \u00e9diter. C\u2019est seulement ainsi que vous obtiendrez un devis le plus exact possible en termes de co\u00fbts et de d\u00e9lais. Les formats conseill\u00e9s sont : Word, Excel, Power Point, Pages, Keynote, Numbers, txt, rtf, PDF copiable.<\/p>\n<p class='accettazione'><span class=\"wpcf7-form-control-wrap acceptance-279\"><span class=\"wpcf7-form-control wpcf7-acceptance\"><span class=\"wpcf7-list-item\"><label><input type=\"checkbox\" name=\"acceptance-279\" value=\"1\" aria-invalid=\"false\" \/><span class=\"wpcf7-list-item-label\">J'ai lu et accepte les conditions de la <a href=\"\/fr\/privacy-policy\">politique de confidentialit\u00e9<\/a>.<\/span><\/label><\/span><\/span><\/span> <\/p>\n<p><button class=\"bottone-contatti button onwhite\">Envoyer un message  \ue87a<\/button><\/p>\n<div class=\"wpcf7-response-output\" aria-hidden=\"true\"><\/div><\/form><\/div><\/div><\/div><\/div><\/section>","protected":false},"excerpt":{"rendered":"","protected":false},"author":1,"featured_media":0,"parent":0,"menu_order":0,"comment_status":"closed","ping_status":"closed","template":"","meta":[],"yoast_head":"<!-- This site is optimized with the Yoast SEO plugin v15.9.2 - https:\/\/yoast.com\/wordpress\/plugins\/seo\/ -->\n<title>InterpreToo &middot; Interpr\u00e9tation &amp; Traduction<\/title>\n<link rel=\"canonical\" href=\"https:\/\/interpretoo.it\/fr\/\" \/>\n<meta property=\"og:locale\" content=\"fr_FR\" \/>\n<meta property=\"og:type\" content=\"article\" \/>\n<meta property=\"og:title\" content=\"InterpreToo &middot; Interpr\u00e9tation &amp; Traduction\" \/>\n<meta property=\"og:url\" content=\"https:\/\/interpretoo.it\/fr\/\" \/>\n<meta property=\"og:site_name\" content=\"InterpreToo\" \/>\n<meta property=\"article:publisher\" content=\"https:\/\/www.facebook.com\/InterpreToo\" \/>\n<meta property=\"article:modified_time\" content=\"2021-02-09T10:38:54+00:00\" \/>\n<meta name=\"twitter:card\" content=\"summary_large_image\" \/>\n<script type=\"application\/ld+json\" class=\"yoast-schema-graph\">{\"@context\":\"https:\/\/schema.org\",\"@graph\":[{\"@type\":\"Organization\",\"@id\":\"https:\/\/interpretoo.it\/fr\/#organization\",\"name\":\"InterpreToo\",\"url\":\"https:\/\/interpretoo.it\/fr\/\",\"sameAs\":[\"https:\/\/www.facebook.com\/InterpreToo\",\"https:\/\/www.linkedin.com\/in\/alessandra-cola-a0057623\/\"],\"logo\":{\"@type\":\"ImageObject\",\"@id\":\"https:\/\/interpretoo.it\/fr\/#logo\",\"inLanguage\":\"fr-FR\",\"url\":\"https:\/\/interpretoo.it\/fr\/wp-content\/uploads\/sites\/3\/2021\/02\/logo.png\",\"width\":710,\"height\":172,\"caption\":\"InterpreToo\"},\"image\":{\"@id\":\"https:\/\/interpretoo.it\/fr\/#logo\"}},{\"@type\":\"WebSite\",\"@id\":\"https:\/\/interpretoo.it\/fr\/#website\",\"url\":\"https:\/\/interpretoo.it\/fr\/\",\"name\":\"InterpreToo\",\"description\":\"Ecco un altro sito InterpreToo siti\",\"publisher\":{\"@id\":\"https:\/\/interpretoo.it\/fr\/#organization\"},\"potentialAction\":[{\"@type\":\"SearchAction\",\"target\":\"https:\/\/interpretoo.it\/fr\/?s={search_term_string}\",\"query-input\":\"required name=search_term_string\"}],\"inLanguage\":\"fr-FR\"},{\"@type\":\"WebPage\",\"@id\":\"https:\/\/interpretoo.it\/fr\/#webpage\",\"url\":\"https:\/\/interpretoo.it\/fr\/\",\"name\":\"InterpreToo &middot; Interpr\\u00e9tation & Traduction\",\"isPartOf\":{\"@id\":\"https:\/\/interpretoo.it\/fr\/#website\"},\"datePublished\":\"2020-12-21T10:53:39+00:00\",\"dateModified\":\"2021-02-09T10:38:54+00:00\",\"breadcrumb\":{\"@id\":\"https:\/\/interpretoo.it\/fr\/#breadcrumb\"},\"inLanguage\":\"fr-FR\",\"potentialAction\":[{\"@type\":\"ReadAction\",\"target\":[\"https:\/\/interpretoo.it\/fr\/\"]}]},{\"@type\":\"BreadcrumbList\",\"@id\":\"https:\/\/interpretoo.it\/fr\/#breadcrumb\",\"itemListElement\":[{\"@type\":\"ListItem\",\"position\":1,\"item\":{\"@type\":\"WebPage\",\"@id\":\"https:\/\/interpretoo.it\/fr\/\",\"url\":\"https:\/\/interpretoo.it\/fr\/\",\"name\":\"Home\"}},{\"@type\":\"ListItem\",\"position\":2,\"item\":{\"@type\":\"WebPage\",\"@id\":\"https:\/\/interpretoo.it\/fr\/\",\"url\":\"https:\/\/interpretoo.it\/fr\/\",\"name\":\"InterpreToo\"}}]}]}<\/script>\n<!-- \/ Yoast SEO plugin. -->","_links":{"self":[{"href":"https:\/\/interpretoo.it\/fr\/wp-json\/wp\/v2\/pages\/13"}],"collection":[{"href":"https:\/\/interpretoo.it\/fr\/wp-json\/wp\/v2\/pages"}],"about":[{"href":"https:\/\/interpretoo.it\/fr\/wp-json\/wp\/v2\/types\/page"}],"author":[{"embeddable":true,"href":"https:\/\/interpretoo.it\/fr\/wp-json\/wp\/v2\/users\/1"}],"replies":[{"embeddable":true,"href":"https:\/\/interpretoo.it\/fr\/wp-json\/wp\/v2\/comments?post=13"}],"version-history":[{"count":3,"href":"https:\/\/interpretoo.it\/fr\/wp-json\/wp\/v2\/pages\/13\/revisions"}],"predecessor-version":[{"id":235,"href":"https:\/\/interpretoo.it\/fr\/wp-json\/wp\/v2\/pages\/13\/revisions\/235"}],"wp:attachment":[{"href":"https:\/\/interpretoo.it\/fr\/wp-json\/wp\/v2\/media?parent=13"}],"curies":[{"name":"wp","href":"https:\/\/api.w.org\/{rel}","templated":true}]}}