{"id":140,"date":"2020-12-21T10:50:45","date_gmt":"2020-12-21T09:50:45","guid":{"rendered":"https:\/\/www.mielcafedesign.com\/itdesign\/?page_id=6"},"modified":"2021-02-11T11:20:48","modified_gmt":"2021-02-11T10:20:48","slug":"a-propos","status":"publish","type":"page","link":"https:\/\/interpretoo.it\/fr\/a-propos\/","title":{"rendered":"\u00c0 propos"},"content":{"rendered":"<section id=\"section-2-6\" class=\" ct-section\" ><div class=\"ct-section-inner-wrap\"><div id=\"new_columns-3-6\" class=\"ct-new-columns\" ><div id=\"div_block-4-6\" class=\"ct-div-block\" ><div id=\"div_block-6-6\" class=\"ct-div-block portrait\" ><img id=\"image-7-6\" alt=\"\" src=\"https:\/\/www.mielcafedesign.com\/itdesign\/wp-content\/uploads\/sites\/104\/2020\/12\/InterpreToo-Interpretrariato-E-Traduzioni-Chi-Sono-About.jpg\" class=\"ct-image\"\/><\/div><\/div><div id=\"div_block-5-6\" class=\"ct-div-block\" ><h2 id=\"headline-8-6\" class=\"ct-headline\">Ciao, Hello, Bonjour.<\/h2><div id=\"_rich_text-10-6\" class=\"oxy-rich-text\" ><p>Je m\u2019appelle Alessandra Cola et je suis interpr\u00e8te, traductrice et enseignante. Je collectionne mots, gestes et nuances culturelles pour vous aider \u00e0 communiquer au mieux votre message, en abolissant les barri\u00e8res de la langue.<\/p>\r\n<p>Depuis toute petite, j\u2019ai toujours \u00e9t\u00e9 quelqu\u2019un d\u2019\u00e9clectique, pleine d\u2019int\u00e9r\u00eats divers et d\u00e9termin\u00e9e. Les langues \u00e9trang\u00e8res me permettaient de m\u2019\u00e9vader vers ce que je ne connaissais pas encore mais qui m\u2019int\u00e9ressait d\u00e9j\u00e0.<\/p>\r\n<p>Ces 12 derni\u00e8res ann\u00e9es je me suis fa\u00e7onn\u00e9e le travail id\u00e9al. Une profession qui me permet de <strong>toujours d\u00e9couvrir de nouvelles choses<\/strong> en me faisant incarner diff\u00e9rents professionnels.<\/p><\/div><\/div><\/div><\/div><\/section><section id=\"section-12-6\" class=\" ct-section\" ><div class=\"ct-section-inner-wrap\"><div id=\"_rich_text-13-6\" class=\"oxy-rich-text\" ><p>Faire le travail de ses r\u00eaves est une chance qui exige <strong>de travailler dur et d\u2019\u00eatre constant<\/strong> pour en faire une r\u00e9alit\u00e9.<\/p>\r\n<p>Le travail de l\u2019interpr\u00e8te va au-del\u00e0 de la simple traduction des mots. Il s\u2019agit d\u2019un processus plus complexe et plus profond. <strong>Il est question de communiquer<\/strong>, et communiquer est difficile m\u00eame lorsque l\u2019on parle la m\u00eame langue.<\/p>\r\n<p><strong>Mon travail<\/strong> est de m\u2019immerger compl\u00e8tement dans les autres langues et cultures, d\u2019apprendre les mille nuances et gestes, et de les mettre \u00e0 votre disposition. C\u2019est de vous conna\u00eetre, de conna\u00eetre parfaitement votre activit\u00e9 et vos objectifs. Il s\u2019agit d\u2019\u00eatre \u00e0 vos c\u00f4t\u00e9s pour vous permettre de mieux communiquer vos id\u00e9aux, vos projets et votre activit\u00e9.<\/p><\/div><\/div><\/section><section id=\"section-14-6\" class=\" ct-section\" ><div class=\"ct-section-inner-wrap\"><div id=\"new_columns-15-6\" class=\"ct-new-columns\" ><div id=\"div_block-16-6\" class=\"ct-div-block\" ><div id=\"div_block-34-6\" class=\"ct-div-block\" ><div id=\"div_block-18-6\" class=\"ct-div-block portrait\" ><img id=\"image-19-6\" alt=\"\" src=\"https:\/\/www.mielcafedesign.com\/itdesign\/wp-content\/uploads\/sites\/104\/2020\/12\/InterpreToo-Interpretrariato-E-Traduzioni-Chi-Sono-About-Cuffie-Occhi.jpg\" class=\"ct-image\"\/><\/div><\/div><\/div><div id=\"div_block-17-6\" class=\"ct-div-block\" ><h2 id=\"headline-20-6\" class=\"ct-headline\">3 mots pour vous raconter ce que vous ne savez pas encore de moi.<br><\/h2><div id=\"div_block-22-6\" class=\"ct-div-block\" ><div id=\"text_block-23-6\" class=\"ct-text-block\" >Mamma, Mum, Maman<\/div><div id=\"_rich_text-25-6\" class=\"oxy-rich-text\" ><p>J\u2019ai une petite fille pr\u00e9nomm\u00e9e <em>Adele<\/em>, qui un jour sera une femme \u00e0 son tour et pour qui j\u2019essaye tous les jours d\u2019\u00eatre la meilleure version de moi-m\u00eame. Je veux \u00eatre pour elle un exemple de femme forte, qui lutte pour r\u00e9aliser ses r\u00eaves et contribue \u00e0 la cr\u00e9ation d\u2019un monde plus bienveillant et plus durable. Un monde o\u00f9 les discriminations n\u2019existent pas, o\u00f9 la diff\u00e9rence ne fait pas peur mais fascine.<\/p><\/div><\/div><div id=\"div_block-26-6\" class=\"ct-div-block\" ><div id=\"text_block-27-6\" class=\"ct-text-block\" >Artigiana, Artisan, Artisane<\/div><div id=\"_rich_text-28-6\" class=\"oxy-rich-text\" ><p>La passion d\u2019apprendre de nouvelles choses, voil\u00e0 ce qui m\u2019anime. Au fil des ans, j\u2019ai appris \u00e0 peindre, coudre et cr\u00e9er des objets de design avec des mati\u00e8res recycl\u00e9es. Aujourd\u2019hui j\u2019aime me d\u00e9finir comme une <strong>artisane des mots<\/strong>. Je les \u00e9tudie, les recueille, les choisis et les marie, pour obtenir la juste combinaison \u00e0 communiquer.<\/p><\/div><\/div><div id=\"div_block-29-6\" class=\"ct-div-block\" ><div id=\"text_block-30-6\" class=\"ct-text-block\" >Mentore, Mentor, Mentor<\/div><div id=\"_rich_text-31-6\" class=\"oxy-rich-text\" ><p>J\u2019admire profond\u00e9ment mes clients et souvent, nous instaurons des rapports de longue dur\u00e9e. Une <strong>relation solide<\/strong> est importante pour conna\u00eetre la personne en profondeur, ainsi que son contexte professionnel et sa fa\u00e7on de communiquer. De collaboratrice, je me transforme en mentor et en guide pour leur communication internationale.<\/p><\/div><\/div><\/div><\/div><\/div><\/section><section id=\"section-61-13\" class=\" ct-section\" style=\"background-image:linear-gradient(rgba(255,255,255,0.79), rgba(255,255,255,0.79)), url(\/wp-content\/themes\/interpretoodesign\/images\/Pattern-MistyBlue.png);background-size:auto,  7% auto;\" ><div class=\"ct-section-inner-wrap\"><div id=\"div_block-81-13\" class=\"ct-div-block\" ><link rel='stylesheet' id='oxygen-unslider-css'  href='https:\/\/interpretoo.it\/fr\/wp-content\/plugins\/oxygen\/component-framework\/vendor\/unslider\/unslider.css' type='text\/css' media='all'\/><div id=\"slider-62-13\" class=\"ct-slider ct_unique_slider_765\" ><div class=\"oxygen-unslider-container\"><ul><li><div id=\"slide-63-13\" class=\"ct-slide\" ><div id=\"text_block-93-13\" class=\"ct-text-block\" >\u201c<\/div><div id=\"text_block-69-13\" class=\"ct-text-block\" >Ce que vous dites de moi<\/div><div id=\"_rich_text-74-13\" class=\"oxy-rich-text\" ><p><span style=\"font-weight: 400;\">For four days recently, Alessandra and a colleague translated for two of us Englishmen, as we taught some senior Italians a complex subject. We taught for seven hours each day, including interactive sessions when the delegates would choose whether to speak English or Italian. Not only was her translation immaculate, she never once lost her smile and never got flustered. This woman is seriously good and I warmly recommend her simultaneous translation services to anyone.<\/span><\/p><\/div><div id=\"text_block-76-13\" class=\"ct-text-block\" >STEPHEN PIDGEON - VISITING PROFESSOR OF DIRECT RESPONSE FUNDRAISING AT UNIVERSITY OF PLYMOUTH<\/div><\/div><\/li><li><div id=\"slide-115-13\" class=\"ct-slide\" ><div id=\"text_block-116-13\" class=\"ct-text-block\" >\u201c<\/div><div id=\"text_block-117-13\" class=\"ct-text-block\" >Ce que vous dites de moi<\/div><div id=\"_rich_text-118-13\" class=\"oxy-rich-text\" ><p><span style=\"font-weight: 400;\">Alessandra is everything you could want in a simultaneous translator. She is efficient, well-prepared, has an excellent vocabulary including the ability to translate my terrible jokes into Italian, and keeps on going under pressure. I recommend her and her team.<\/span><\/p><\/div><div id=\"text_block-119-13\" class=\"ct-text-block\" >CHRISTOPHER CARNIE - DIRECTOR AT FACTARY<\/div><\/div><\/li><\/ul><\/div><\/div><script class=\"ct-slider-script\">jQuery(document).ready(function($){$('#slider-62-13.ct_unique_slider_765 .oxygen-unslider-container:not(.unslider-horizontal,.unslider-fade)').unslider({autoplay: true, delay: 5000, animation: 'fade', speed : 750, arrows: false, nav: true, infinite: false})});<\/script><div id=\"div_block-90-13\" class=\"ct-div-block\" ><\/div><div id=\"div_block-92-13\" class=\"ct-div-block\" ><\/div><\/div><\/div><\/section>","protected":false},"excerpt":{"rendered":"","protected":false},"author":1,"featured_media":0,"parent":0,"menu_order":0,"comment_status":"closed","ping_status":"closed","template":"","meta":[],"yoast_head":"<!-- This site is optimized with the Yoast SEO plugin v15.9.2 - https:\/\/yoast.com\/wordpress\/plugins\/seo\/ -->\n<title>\u00c0 propos &middot; InterpreToo<\/title>\n<link rel=\"canonical\" href=\"https:\/\/interpretoo.it\/fr\/a-propos\/\" \/>\n<meta property=\"og:locale\" content=\"fr_FR\" \/>\n<meta property=\"og:type\" content=\"article\" \/>\n<meta property=\"og:title\" content=\"\u00c0 propos &middot; InterpreToo\" \/>\n<meta property=\"og:url\" content=\"https:\/\/interpretoo.it\/fr\/a-propos\/\" \/>\n<meta property=\"og:site_name\" content=\"InterpreToo\" \/>\n<meta property=\"article:publisher\" content=\"https:\/\/www.facebook.com\/InterpreToo\" \/>\n<meta property=\"article:modified_time\" content=\"2021-02-11T10:20:48+00:00\" \/>\n<meta name=\"twitter:card\" content=\"summary_large_image\" \/>\n<script type=\"application\/ld+json\" class=\"yoast-schema-graph\">{\"@context\":\"https:\/\/schema.org\",\"@graph\":[{\"@type\":\"Organization\",\"@id\":\"https:\/\/interpretoo.it\/fr\/#organization\",\"name\":\"InterpreToo\",\"url\":\"https:\/\/interpretoo.it\/fr\/\",\"sameAs\":[\"https:\/\/www.facebook.com\/InterpreToo\",\"https:\/\/www.linkedin.com\/in\/alessandra-cola-a0057623\/\"],\"logo\":{\"@type\":\"ImageObject\",\"@id\":\"https:\/\/interpretoo.it\/fr\/#logo\",\"inLanguage\":\"fr-FR\",\"url\":\"https:\/\/interpretoo.it\/fr\/wp-content\/uploads\/sites\/3\/2021\/02\/logo.png\",\"width\":710,\"height\":172,\"caption\":\"InterpreToo\"},\"image\":{\"@id\":\"https:\/\/interpretoo.it\/fr\/#logo\"}},{\"@type\":\"WebSite\",\"@id\":\"https:\/\/interpretoo.it\/fr\/#website\",\"url\":\"https:\/\/interpretoo.it\/fr\/\",\"name\":\"InterpreToo\",\"description\":\"Ecco un altro sito InterpreToo siti\",\"publisher\":{\"@id\":\"https:\/\/interpretoo.it\/fr\/#organization\"},\"potentialAction\":[{\"@type\":\"SearchAction\",\"target\":\"https:\/\/interpretoo.it\/fr\/?s={search_term_string}\",\"query-input\":\"required name=search_term_string\"}],\"inLanguage\":\"fr-FR\"},{\"@type\":\"WebPage\",\"@id\":\"https:\/\/interpretoo.it\/fr\/a-propos\/#webpage\",\"url\":\"https:\/\/interpretoo.it\/fr\/a-propos\/\",\"name\":\"\\u00c0 propos &middot; InterpreToo\",\"isPartOf\":{\"@id\":\"https:\/\/interpretoo.it\/fr\/#website\"},\"datePublished\":\"2020-12-21T09:50:45+00:00\",\"dateModified\":\"2021-02-11T10:20:48+00:00\",\"breadcrumb\":{\"@id\":\"https:\/\/interpretoo.it\/fr\/a-propos\/#breadcrumb\"},\"inLanguage\":\"fr-FR\",\"potentialAction\":[{\"@type\":\"ReadAction\",\"target\":[\"https:\/\/interpretoo.it\/fr\/a-propos\/\"]}]},{\"@type\":\"BreadcrumbList\",\"@id\":\"https:\/\/interpretoo.it\/fr\/a-propos\/#breadcrumb\",\"itemListElement\":[{\"@type\":\"ListItem\",\"position\":1,\"item\":{\"@type\":\"WebPage\",\"@id\":\"https:\/\/interpretoo.it\/fr\/\",\"url\":\"https:\/\/interpretoo.it\/fr\/\",\"name\":\"Home\"}},{\"@type\":\"ListItem\",\"position\":2,\"item\":{\"@type\":\"WebPage\",\"@id\":\"https:\/\/interpretoo.it\/fr\/a-propos\/\",\"url\":\"https:\/\/interpretoo.it\/fr\/a-propos\/\",\"name\":\"\\u00c0 propos\"}}]}]}<\/script>\n<!-- \/ Yoast SEO plugin. -->","_links":{"self":[{"href":"https:\/\/interpretoo.it\/fr\/wp-json\/wp\/v2\/pages\/140"}],"collection":[{"href":"https:\/\/interpretoo.it\/fr\/wp-json\/wp\/v2\/pages"}],"about":[{"href":"https:\/\/interpretoo.it\/fr\/wp-json\/wp\/v2\/types\/page"}],"author":[{"embeddable":true,"href":"https:\/\/interpretoo.it\/fr\/wp-json\/wp\/v2\/users\/1"}],"replies":[{"embeddable":true,"href":"https:\/\/interpretoo.it\/fr\/wp-json\/wp\/v2\/comments?post=140"}],"version-history":[{"count":4,"href":"https:\/\/interpretoo.it\/fr\/wp-json\/wp\/v2\/pages\/140\/revisions"}],"predecessor-version":[{"id":257,"href":"https:\/\/interpretoo.it\/fr\/wp-json\/wp\/v2\/pages\/140\/revisions\/257"}],"wp:attachment":[{"href":"https:\/\/interpretoo.it\/fr\/wp-json\/wp\/v2\/media?parent=140"}],"curies":[{"name":"wp","href":"https:\/\/api.w.org\/{rel}","templated":true}]}}