{"id":201,"date":"2021-02-08T12:15:11","date_gmt":"2021-02-08T11:15:11","guid":{"rendered":"https:\/\/interpretoo.it\/?page_id=3"},"modified":"2021-02-17T14:10:10","modified_gmt":"2021-02-17T13:10:10","slug":"privacy-policy","status":"publish","type":"page","link":"https:\/\/interpretoo.it\/fr\/privacy-policy\/","title":{"rendered":"Privacy Policy"},"content":{"rendered":"\n<p>Cette page reprend les modalit\u00e9s de gestion du site en ce qui concerne le traitement des donn\u00e9es personnelles des utilisateurs qui le consultent, en conformit\u00e9 avec la r\u00e9glementation nationale et le r\u00e8glement de l\u2019Union europ\u00e9enne 2016\/679&nbsp;(GDPR \u2013 General Data Protection Regulation), entr\u00e9 en vigueur le 25 mai 2018. Les donn\u00e9es recueillies concernant les personnes visitant le site seront utilis\u00e9es dans le respect des principes de courtoisie, de l\u00e9galit\u00e9 et de transparence et dans la protection de la vie priv\u00e9e et des droits des personnes concern\u00e9es.<\/p>\n\n\n\n<p><strong>1. OBJET DU TRAITEMENT DES DONN\u00c9ES<\/strong><\/p>\n\n\n\n<p><strong>Alessandra Cola<\/strong><br>Via Nilde Iotti n. 9\/2 \u2013 Bora Bassa - Mercato Saraceno (FC)<br>Num\u00e9ro de TVA 03919270409<br>E-mail: <a href=\"mailto:alessandra@interpretoo.it\">alessandra@interpretoo.it<\/a><br>Pec:&nbsp;<a href=\"mailto:alessandracola@pec.it\">alessandracola@pec.it<\/a><\/p>\n\n\n\n<p>Site Internet en r\u00e9f\u00e9rence au Traitement des donn\u00e9es:\u00a0<a href=\"http:\/\/www.interpretoo.it\">www.interpretoo.it<\/a><\/p>\n\n\n\n<p><strong>2. TYPE DE DONN\u00c9ES, M\u00c9THODE DE COLLECTE DE DONN\u00c9ES ET FINALIT\u00c9<\/strong><\/p>\n\n\n\n<p><strong>FORMULAIRE DE CONTACT<\/strong><\/p>\n\n\n\n<p>Un formulaire de contact est pr\u00e9sent sur le site, sur lequel sont recueillies les donn\u00e9es personnelles suivantes : <strong>Nom, Pr\u00e9nom et email.<br><\/strong>Pour utiliser le formulaire de contact, l\u2019utilisateur doit entrer ses donn\u00e9es personnelles de fa\u00e7on volontaire et consentir \u00e0 leur utilisation afin que l\u2019on puisse r\u00e9pondre \u00e0 la demande d\u2019informations. La soumission du formulaire g\u00e9n\u00e8re l\u2019envoi d\u2019un email, les donn\u00e9es ne seront donc pas conserv\u00e9es sur le site. Les donn\u00e9es re\u00e7ues par email resteront dans notre bo\u00eete de r\u00e9ception et serviront \u00e0 remplir le service demand\u00e9, elles seront ensuite d\u00e9truites une fois le service accompli. En cas de demande de facture, les donn\u00e9es resteront dans les archives Clients, selon le concept d\u2019\u00ab int\u00e9r\u00eat l\u00e9gitime \u00bb, et seront conserv\u00e9es le temps n\u00e9cessaire aux besoins administratifs et fiscaux pr\u00e9vus par la loi. Le refus \u00e9ventuel de transmettre les donn\u00e9es n\u2019aura pour seule cons\u00e9quence que celle de ne pas pouvoir b\u00e9n\u00e9ficier du service fourni.<\/p>\n\n\n\n<p><strong>JOURNAL DE SYST\u00c8ME ET MAINTENANCE<\/strong><\/p>\n\n\n\n<p>Pour des questions li\u00e9es au fonctionnement et \u00e0 la maintenance, ce site et les \u00e9ventuels services tiers utilis\u00e9s pourraient entra\u00eener un journal de syst\u00e8me, \u00e0 savoir un fichier qui enregistre les interactions et qui puisse contenir \u00e9galement l\u2019adresse <strong>IP<\/strong> Utilisateur ou le <strong>navigateur<\/strong> utilis\u00e9 par l\u2019utilisateur.<br>Ces donn\u00e9es ne permettent d\u2019identifier l\u2019utilisateur que par le biais d\u2019une s\u00e9rie d\u2019op\u00e9rations d\u2019\u00e9laboration et d\u2019interconnexion, et toujours \u00e0 travers les donn\u00e9es d\u00e9livr\u00e9es par d\u2019autres fournisseurs. Ces op\u00e9rations pourraient \u00eatre effectu\u00e9es exclusivement sur demande des autorit\u00e9s judiciaires comp\u00e9tentes, autoris\u00e9es \u00e0 cette fin par les dispositions l\u00e9gislatives pour pr\u00e9venir et\/ou r\u00e9primer des d\u00e9lits.<\/p>\n\n\n\n<p><strong>COOKIES TECHNIQUES, ANALYTIQUES ET DE PROFILAGE<\/strong><\/p>\n\n\n\n<p>Les cookies sont des fichiers de texte que les sites envoient aux terminaux des utilisateurs, o\u00f9 ils sont m\u00e9moris\u00e9s pour \u00eatre ensuite renvoy\u00e9s \u00e0 ces sites lors des visites ult\u00e9rieures. Il existe diff\u00e9rents types de cookies :<\/p>\n\n\n\n<p><strong>les cookies techniques<br><\/strong>Diff\u00e9rents cookies techniques sont utilis\u00e9s, ils sont n\u00e9cessaires et ne peuvent \u00eatre d\u00e9sactiv\u00e9s, comme ceux de la session, ils sont utilis\u00e9s exclusivement durant la navigation (et \u00e9limin\u00e9s d\u00e8s que la visite se termine), et les cookies persistants (ou de m\u00e9morisation) qui sont sauvegard\u00e9s dans le navigateur jusqu\u2019\u00e0 ce qu\u2019ils soient effac\u00e9s par l\u2019utilisateur, par exemple les cookies qui permettent de se connecter \u00e0 une zone prot\u00e9g\u00e9e permettant d\u2019en sauvegarder les donn\u00e9es.<\/p>\n\n\n\n<p><strong>les cookies de profilage<br><\/strong>Ils sont n\u00e9cessaires pour cr\u00e9er des profils d\u2019utilisateurs anonymes afin d\u2019envoyer des messages publicitaires en ligne avec les pr\u00e9f\u00e9rences indiqu\u00e9es par l\u2019utilisateur sur les pages du Site. <em>Ce site n\u2019utilise pas de cookies de profilage.<\/em><\/p>\n\n\n\n<p><strong>cookies tiers<br><\/strong>Le site utilise des cookies envoy\u00e9s par des domaines tiers et par des sites partenaires offrant des fonctionnalit\u00e9s sp\u00e9cifiques int\u00e9gr\u00e9es \u00e0 l\u2019int\u00e9rieur du site. Par exemple, les cookies tiers sont ceux d\u2019inclusion des cartes et des flux d\u2019actualit\u00e9 des r\u00e9seaux sociaux (comme <strong>Juicer.io<\/strong>),&nbsp;des syst\u00e8mes antispam (comme <strong>Google reCaptcha<\/strong>), mais \u00e9galement les cookies statistiques (comme <strong>Google Analytics<\/strong>)<strong>.<\/strong><\/p>\n\n\n\n<p><strong>Google Maps<\/strong><br>Sur certaines pages se trouvent des cartes interactives fournies par Google, qui pourraient installer des cookies pour relever les informations et pr\u00e9f\u00e9rences relatives \u00e0 ce service.<br>Pour de plus amples informations sur l\u2019utilisation des cookies de la part de Google, veuillez consulter la politique de confidentialit\u00e9 de Google:&nbsp;<a href=\"http:\/\/www.google.com\/intl\/it\/policies\/privacy\">http:\/\/www.google.com\/intl\/it\/policies\/privacy<\/a>.<\/p>\n\n\n\n<p><strong>reCaptcha (Google)<\/strong><br>Service de protection contre le spam fourni par Google&nbsp;<a href=\"http:\/\/www.google.com\/intl\/it\/policies\/privacy\/\" target=\"_blank\" rel=\"noreferrer noopener\">http:\/\/www.google.com\/intl\/it\/policies\/privacy\/<\/a><\/p>\n\n\n\n<p><strong><br>Liste des APIs\/Services tiers utilis\u00e9s<\/strong><br>Google Analytics (IP anonymis\u00e9), Google Tag Manager, formulaire de contact int\u00e9gr\u00e9 au site pour recueillir des informations, Google Font, Font Awesome.<\/p>\n\n\n\n<p><strong>3. LIEU ET MODALIT\u00c9 DU TRAITEMENT DES DONN\u00c9ES<\/strong><\/p>\n\n\n\n<p>Les traitements en lien aux services web de ce site ont lieu au si\u00e8ge du <strong>Responsable du Traitement des donn\u00e9es.<\/strong><\/p>\n\n\n\n<p><strong>4. DUR\u00c9E DU TRAITEMENT<\/strong><\/p>\n\n\n\n<p>Le traitement des donn\u00e9es aura une dur\u00e9e non sup\u00e9rieure \u00e0 la dur\u00e9e n\u00e9cessaire pour remplir le service demand\u00e9 par l\u2019Utilisateur, ou n\u00e9cessaire pour les finalit\u00e9s d\u00e9crites dans ce document. Des mesures sp\u00e9cifiques de s\u00e9curit\u00e9 sont respect\u00e9es pour \u00e9viter la perte des donn\u00e9es, leur utilisation frauduleuse ou ill\u00e9gitime et les acc\u00e8s non autoris\u00e9s.<\/p>\n\n\n\n<p><strong>5. OBLIGATIONS ET RESPONSABILIT\u00c9S DES RESPONSABLES DU TRAITEMENT DES DONN\u00c9ES<\/strong><\/p>\n\n\n\n<p>Le responsable du traitement des donn\u00e9es est tenu de garantir : l\u2019exactitude des donn\u00e9es personnelles des int\u00e9ress\u00e9s en leur possession ; la disponibilit\u00e9 et l\u2019int\u00e9grit\u00e9 des donn\u00e9es personnelles ; la confidentialit\u00e9 des donn\u00e9es personnelles (et ainsi la protection contre les acc\u00e8s non pr\u00e9vus par les traitements) ;<br>En cas d\u2019utilisation ill\u00e9gitime ou d\u2019abus concernant les donn\u00e9es personnelles et en cas de diffusion involontaire des donn\u00e9es personnelles, le responsable du traitement des donn\u00e9es est tenu de notifier sous 72 heures le garant de la confidentialit\u00e9 et les int\u00e9ress\u00e9s. Le responsable du traitement est en outre dans l\u2019obligation de mettre en \u0153uvre toutes les mesures n\u00e9cessaires pour r\u00e9parer les dommages engendr\u00e9s&nbsp;; ceci signifie mettre en place des processus d\u2019organisation et des mesures techniques ad\u00e9quates de s\u00e9curit\u00e9, dont une analyse du risque li\u00e9 aux traitements ;<\/p>\n\n\n\n<p><strong>6. DROITS DES PERSONNES INT\u00c9RESS\u00c9ES<\/strong><\/p>\n\n\n\n<p>Les sujets auxquels font r\u00e9f\u00e9rence les donn\u00e9es personnelles ont le droit \u00e0 tout moment d\u2019obtenir la confirmation de l\u2019existence ou non de ces m\u00eames donn\u00e9es et d\u2019en conna\u00eetre le contenu et l\u2019origine, d\u2019en v\u00e9rifier l\u2019exactitude ou d\u2019en demander l\u2019int\u00e9gration ou la mise \u00e0 jour, ainsi que la rectification. En r\u00e9sum\u00e9, les int\u00e9ress\u00e9s jouissent des droits suivants :<\/p>\n\n\n\n<ul><li>le droit \u00e0 <strong>l\u2019oubli<\/strong>, \u00e0 savoir le droit de tout utilisateur d\u2019\u00eatre <strong>effac\u00e9<\/strong> ou oubli\u00e9 par le syst\u00e8me (si aujourd\u2019hui l\u2019utilisateur s\u2019inscrit sur un nouveau r\u00e9seau social ou sur un forum, il doit avoir la possibilit\u00e9 d\u2019en effacer toutes ses traces s\u2019il le d\u00e9sire)<\/li><li>le droit d\u2019effectuer un traitement <strong>partiel<\/strong>des donn\u00e9es (c\u2019est-\u00e0-dire la possibilit\u00e9 de sauvegarder les donn\u00e9es prot\u00e9g\u00e9es, que seul l\u2019utilisateur a le droit de modifier)<\/li><li>le droit \u00e0 la&nbsp;<strong>portabilit\u00e9 <\/strong>des donn\u00e9es (l\u2019utilisateur doit pouvoir exporter les donn\u00e9es qui le concernent, du syst\u00e8me \u00e0 son ordinateur, dans un format structur\u00e9, d\u2019utilisation commune et lisible par les dispositifs \u00e9lectroniques et automatiques)<\/li><li>le droit \u00e0 la <strong>rectification <\/strong>(l\u2019utilisateur doit pouvoir corriger les donn\u00e9es personnelles qui le concernent \u00e0 tout moment)<\/li><li>le droit d\u2019\u00eatre <strong>correctement inform\u00e9<\/strong>&nbsp;(de pouvoir obtenir des informations claires et synth\u00e9tiques, dans un langage compr\u00e9hensible)<\/li><li>enfin, le droit d\u2019<strong>acc\u00e8s<\/strong>&nbsp;(pouvoir acc\u00e9der aux donn\u00e9es prot\u00e9g\u00e9es \u00e0 tout moment)<\/li><\/ul>\n\n\n\n<p>Les demandes se font par email (voir les d\u00e9tails sur la page de Contacts sur le site). Le responsable du Traitement des donn\u00e9es a l\u2019obligation de r\u00e9pondre aux demandes sous <strong>1 mois<\/strong>, d\u00e9lai extensible jusqu\u2019\u00e0 3 mois en cas de complexit\u00e9 particuli\u00e8re ;le responsable doit quoi qu\u2019il en soit en rendre compte \u00e0 l\u2019int\u00e9ress\u00e9 sous 1 mois \u00e0 compter de la demande, m\u00eame en cas de refus.<\/p>\n\n\n\n<p><strong>7. CONSENTEMENT EXPRIM\u00c9 PAR LES INT\u00c9RESS\u00c9S<\/strong><\/p>\n\n\n\n<p>Prenant compte de cette politique, l\u2019utilisateur peut exprimer son consentement \u00e0 l\u2019utilisation des cookies ainsi qu\u2019\u00e0 la communication et au traitement des donn\u00e9es personnelles pour les fins et modalit\u00e9s d\u00e9crites sur cette page.<\/p>\n\n\n\n<p><strong>8. AVERTISSEMENT POUR LES MINEURS<\/strong><\/p>\n\n\n\n<p>La communication des donn\u00e9es personnelles concernant un mineur doit \u00eatre effectu\u00e9e par un parent ou une personne d\u00e9tentrice de l\u2019autorit\u00e9 parentale sur ce mineur.<\/p>\n\n\n\n<p><strong>9. AUTRES INFORMATIONS SUR LA POLITIQUE DE CONFIDENTIALIT\u00c9<\/strong><\/p>\n\n\n\n<p>Le responsable du traitement des donn\u00e9es se r\u00e9serve le droit de modifier la politique de confidentialit\u00e9 \u00e0 tout moment. De telles modifications entreront en vigueur et seront contraignantes suite \u00e0 leur publication. L\u2019utilisateur accepte de v\u00e9rifier de temps en temps l\u2019existence de ces mises \u00e0 jours et r\u00e9visions. En continuant \u00e0 utiliser les services et le site web suite \u00e0 la publication d\u2019une r\u00e9vision, l\u2019utilisateur accepte les modifications susmentionn\u00e9es.<br>Les donn\u00e9es personnelles de l\u2019utilisateur peuvent \u00eatre utilis\u00e9es par le responsable dans le cadre d\u2019un proc\u00e8s ou dans les phases pr\u00e9paratoires \u00e0 son lancement possible pour la d\u00e9fense contre les abus d\u2019utilisation de cette application ou des services qui lui sont li\u00e9s, de la part de l\u2019utilisateur.<br>L\u2019utilisateur d\u00e9clare \u00eatre conscient que le responsable pourrait \u00eatre oblig\u00e9 de r\u00e9v\u00e9ler les donn\u00e9es sur ordre des autorit\u00e9s publiques.&nbsp;<\/p>\n\n\n\n<p>En cas de questions inh\u00e9rentes \u00e0 cette politique de confidentialit\u00e9, nous vous conseillons de nous \u00e9crire \u00e0 l\u2019adresse : <a href=\"mailto:alessandra@interpretoo.it\">alessandra@interpretoo.it<\/a><\/p>\n\n\n\n<p><strong>Cookies<\/strong><\/p>\n\n\n\n<p><strong>QUE SONT LES COOKIES?<\/strong><\/p>\n\n\n\n<p>Les cookies ou marqueurs sont des paquets d\u2019informations envoy\u00e9s par un serveur web (par exemple, le site) au navigateur internet de l\u2019utilisateur&nbsp;; ce dernier les m\u00e9morise automatiquement sur l\u2019ordinateur et ils sont renvoy\u00e9s automatiquement au serveur \u00e0 chaque visite ult\u00e9rieure sur le site.<br>Selon la loi, il est possible de m\u00e9moriser les cookies sur l\u2019appareil de l\u2019utilisateur s\u2019ils sont absolument n\u00e9cessaires au fonctionnement du site. Pour tous les autres types de cookies, il est n\u00e9cessaire d\u2019obtenir le consentement explicite de l\u2019utilisateur.<br>Ce site utilise diff\u00e9rents types de cookies. Certains cookies sont fournis par des services tiers dans le but d\u2019ajouter des fonctionnalit\u00e9s au site.<\/p>\n\n\n\n<p><strong>RAPPPORT DES COOKIES SUR CETTE VISITE<\/strong><\/p>\n\n\n\n<p>Votre consentement s\u2019applique sur les sites web suivants : <a href=\"http:\/\/www.interpretoo.it\">www.interpretoo.it<\/a><\/p>\n\n\n\n<p><em>Derni\u00e8re modification : 15.12.2020<\/em><\/p>\n","protected":false},"excerpt":{"rendered":"<p>Cette page reprend les modalit\u00e9s de gestion du site en ce qui concerne le traitement des donn\u00e9es personnelles des utilisateurs qui le consultent, en conformit\u00e9 avec la r\u00e9glementation nationale et le r\u00e8glement de l\u2019Union europ\u00e9enne 2016\/679&nbsp;(GDPR \u2013 General Data Protection Regulation), entr\u00e9 en vigueur le 25 mai 2018. Les donn\u00e9es recueillies concernant les personnes visitant [&hellip;]<\/p>\n","protected":false},"author":1,"featured_media":0,"parent":0,"menu_order":0,"comment_status":"closed","ping_status":"open","template":"","meta":[],"yoast_head":"<!-- This site is optimized with the Yoast SEO plugin v15.9.2 - https:\/\/yoast.com\/wordpress\/plugins\/seo\/ -->\n<title>Privacy Policy &middot; InterpreToo<\/title>\n<link rel=\"canonical\" href=\"https:\/\/interpretoo.it\/fr\/privacy-policy\/\" \/>\n<meta property=\"og:locale\" content=\"fr_FR\" \/>\n<meta property=\"og:type\" content=\"article\" \/>\n<meta property=\"og:title\" content=\"Privacy Policy &middot; InterpreToo\" \/>\n<meta property=\"og:description\" content=\"Cette page reprend les modalit\u00e9s de gestion du site en ce qui concerne le traitement des donn\u00e9es personnelles des utilisateurs qui le consultent, en conformit\u00e9 avec la r\u00e9glementation nationale et le r\u00e8glement de l\u2019Union europ\u00e9enne 2016\/679&nbsp;(GDPR \u2013 General Data Protection Regulation), entr\u00e9 en vigueur le 25 mai 2018. Les donn\u00e9es recueillies concernant les personnes visitant [&hellip;]\" \/>\n<meta property=\"og:url\" content=\"https:\/\/interpretoo.it\/fr\/privacy-policy\/\" \/>\n<meta property=\"og:site_name\" content=\"InterpreToo\" \/>\n<meta property=\"article:publisher\" content=\"https:\/\/www.facebook.com\/InterpreToo\" \/>\n<meta property=\"article:modified_time\" content=\"2021-02-17T13:10:10+00:00\" \/>\n<meta name=\"twitter:card\" content=\"summary_large_image\" \/>\n<meta name=\"twitter:label1\" content=\"Dur\u00e9e de lecture est.\">\n\t<meta name=\"twitter:data1\" content=\"7 minutes\">\n<script type=\"application\/ld+json\" class=\"yoast-schema-graph\">{\"@context\":\"https:\/\/schema.org\",\"@graph\":[{\"@type\":\"Organization\",\"@id\":\"https:\/\/interpretoo.it\/fr\/#organization\",\"name\":\"InterpreToo\",\"url\":\"https:\/\/interpretoo.it\/fr\/\",\"sameAs\":[\"https:\/\/www.facebook.com\/InterpreToo\",\"https:\/\/www.linkedin.com\/in\/alessandra-cola-a0057623\/\"],\"logo\":{\"@type\":\"ImageObject\",\"@id\":\"https:\/\/interpretoo.it\/fr\/#logo\",\"inLanguage\":\"fr-FR\",\"url\":\"https:\/\/interpretoo.it\/fr\/wp-content\/uploads\/sites\/3\/2021\/02\/logo.png\",\"width\":710,\"height\":172,\"caption\":\"InterpreToo\"},\"image\":{\"@id\":\"https:\/\/interpretoo.it\/fr\/#logo\"}},{\"@type\":\"WebSite\",\"@id\":\"https:\/\/interpretoo.it\/fr\/#website\",\"url\":\"https:\/\/interpretoo.it\/fr\/\",\"name\":\"InterpreToo\",\"description\":\"Ecco un altro sito InterpreToo siti\",\"publisher\":{\"@id\":\"https:\/\/interpretoo.it\/fr\/#organization\"},\"potentialAction\":[{\"@type\":\"SearchAction\",\"target\":\"https:\/\/interpretoo.it\/fr\/?s={search_term_string}\",\"query-input\":\"required name=search_term_string\"}],\"inLanguage\":\"fr-FR\"},{\"@type\":\"WebPage\",\"@id\":\"https:\/\/interpretoo.it\/fr\/privacy-policy\/#webpage\",\"url\":\"https:\/\/interpretoo.it\/fr\/privacy-policy\/\",\"name\":\"Privacy Policy &middot; InterpreToo\",\"isPartOf\":{\"@id\":\"https:\/\/interpretoo.it\/fr\/#website\"},\"datePublished\":\"2021-02-08T11:15:11+00:00\",\"dateModified\":\"2021-02-17T13:10:10+00:00\",\"breadcrumb\":{\"@id\":\"https:\/\/interpretoo.it\/fr\/privacy-policy\/#breadcrumb\"},\"inLanguage\":\"fr-FR\",\"potentialAction\":[{\"@type\":\"ReadAction\",\"target\":[\"https:\/\/interpretoo.it\/fr\/privacy-policy\/\"]}]},{\"@type\":\"BreadcrumbList\",\"@id\":\"https:\/\/interpretoo.it\/fr\/privacy-policy\/#breadcrumb\",\"itemListElement\":[{\"@type\":\"ListItem\",\"position\":1,\"item\":{\"@type\":\"WebPage\",\"@id\":\"https:\/\/interpretoo.it\/fr\/\",\"url\":\"https:\/\/interpretoo.it\/fr\/\",\"name\":\"Home\"}},{\"@type\":\"ListItem\",\"position\":2,\"item\":{\"@type\":\"WebPage\",\"@id\":\"https:\/\/interpretoo.it\/fr\/privacy-policy\/\",\"url\":\"https:\/\/interpretoo.it\/fr\/privacy-policy\/\",\"name\":\"Privacy Policy\"}}]}]}<\/script>\n<!-- \/ Yoast SEO plugin. -->","_links":{"self":[{"href":"https:\/\/interpretoo.it\/fr\/wp-json\/wp\/v2\/pages\/201"}],"collection":[{"href":"https:\/\/interpretoo.it\/fr\/wp-json\/wp\/v2\/pages"}],"about":[{"href":"https:\/\/interpretoo.it\/fr\/wp-json\/wp\/v2\/types\/page"}],"author":[{"embeddable":true,"href":"https:\/\/interpretoo.it\/fr\/wp-json\/wp\/v2\/users\/1"}],"replies":[{"embeddable":true,"href":"https:\/\/interpretoo.it\/fr\/wp-json\/wp\/v2\/comments?post=201"}],"version-history":[{"count":3,"href":"https:\/\/interpretoo.it\/fr\/wp-json\/wp\/v2\/pages\/201\/revisions"}],"predecessor-version":[{"id":260,"href":"https:\/\/interpretoo.it\/fr\/wp-json\/wp\/v2\/pages\/201\/revisions\/260"}],"wp:attachment":[{"href":"https:\/\/interpretoo.it\/fr\/wp-json\/wp\/v2\/media?parent=201"}],"curies":[{"name":"wp","href":"https:\/\/api.w.org\/{rel}","templated":true}]}}