{"id":47,"date":"2020-12-30T09:06:49","date_gmt":"2020-12-30T08:06:49","guid":{"rendered":"https:\/\/www.mielcafedesign.com\/itdesign\/?page_id=47"},"modified":"2021-02-09T11:34:45","modified_gmt":"2021-02-09T10:34:45","slug":"interpretation","status":"publish","type":"page","link":"https:\/\/interpretoo.it\/fr\/services\/interpretation\/","title":{"rendered":"Interpr\u00e9tation"},"content":{"rendered":"<section id=\"section-5-47\" class=\" ct-section\" ><div class=\"ct-section-inner-wrap\"><div id=\"div_block-6-47\" class=\"ct-div-block\" ><div id=\"text_block-7-47\" class=\"ct-text-block\" >Services<\/div><h2 id=\"headline-8-47\" class=\"ct-headline\">Interpr\u00e9tation<\/h2><\/div><\/div><\/section><section id=\"section-11-47\" class=\" ct-section\" ><div class=\"ct-section-inner-wrap\"><div id=\"text_block-12-47\" class=\"ct-text-block\" >Thorsten Havener disait que:<\/div><div id=\"div_block-15-47\" class=\"ct-div-block\" ><div id=\"div_block-21-47\" class=\"ct-div-block\" ><div id=\"_rich_text-16-47\" class=\"oxy-rich-text\" ><p>La communication n\u2019est pas ce que disons, mais ce qui parvient aux autres.<\/p><\/div><div id=\"div_block-17-47\" class=\"ct-div-block\" ><\/div><div id=\"div_block-18-47\" class=\"ct-div-block\" ><\/div><\/div><div id=\"_rich_text-19-47\" class=\"oxy-rich-text\" ><p>Communiquer dans la m\u00eame langue est d\u00e9j\u00e0 difficile, alors imaginez le faire avec l\u2019obstacle de la langue et de la culture.Et pourtant, votre message ne devrait pas avoir de fronti\u00e8res. Tout comme le d\u00e9veloppement de votre activit\u00e9 ne devrait pas s\u2019arr\u00eater aux pays dont vous parlez la langue.<\/p>\r\n<p><strong>Mon travail en tant qu\u2019interpr\u00e8te<\/strong> est justement d\u2019abolir les fronti\u00e8res linguistiques. Et de vous aider \u00e0 faire passer au mieux votre message sans freins ni incompr\u00e9hensions culturelles.<\/p><\/div><\/div><\/div><\/section><section id=\"section-24-47\" class=\" ct-section\" ><div class=\"ct-section-inner-wrap\"><div id=\"text_block-25-47\" class=\"ct-text-block\" >En quoi puis-je vous aider?<br><\/div><div id=\"new_columns-52-47\" class=\"ct-new-columns\" ><div id=\"div_block-53-47\" class=\"ct-div-block\" ><div id=\"div_block-54-47\" class=\"ct-div-block\" ><div id=\"div_block-55-47\" class=\"ct-div-block\" ><div id=\"fancy_icon-56-47\" class=\"ct-fancy-icon\" ><svg id=\"svg-fancy_icon-56-47\"><use xlink:href=\"#Lineariconsicon-arrow-right\"><\/use><\/svg><\/div><\/div><h3 id=\"headline-57-47\" class=\"ct-headline\">Interpr\u00e9tation simultan\u00e9e<br><\/h3><\/div><div id=\"_rich_text-58-47\" class=\"oxy-rich-text\" ><p>L\u2019interpr\u00e9tation simultan\u00e9e est, aujourd\u2019hui, la forme d\u2019interpr\u00e9tation la plus connue. Elle est parfaite dans toutes les situations dans lesquelles un orateur parle \u00e0 un public international.<\/p>\r\n<p>Pour ce type de service, les interpr\u00e8tes travaillent toujours par deux, \u00e0 l\u2019int\u00e9rieur d\u2019une cabine insonoris\u00e9e avec une r\u00e9gie qui s\u2019occupe de g\u00e9rer la traduction. L\u2019intervenant s\u2019exprime dans un micro et le public re\u00e7oit le message traduit par les interpr\u00e8tes au travers d\u2019un casque, en mode quasi simultan\u00e9.<\/p>\r\n<p>La cabine d\u2019interpr\u00e9tation peut \u00eatre fournie par le lieu de l\u2019\u00e9v\u00e8nement ou elle peut \u00eatre lou\u00e9e pour l\u2019\u00e9v\u00e8nement particulier. Vous ne savez pas comment organiser cela? Consultez mes services de <a href=\"https:\/\/interpretoo.it\/fr\/services\/formation-et-conseil\/\">conseil pour les \u00e9v\u00e8nements<\/a>.<\/p><\/div><\/div><div id=\"div_block-59-47\" class=\"ct-div-block\" ><div id=\"div_block-60-47\" class=\"ct-div-block portraitsmall\" ><img id=\"image-61-47\" alt=\"\" src=\"https:\/\/www.mielcafedesign.com\/itdesign\/wp-content\/uploads\/sites\/104\/2020\/12\/InterpreToo-Interpretrariato-E-Traduzioni-Alessandra-Cola-Servizio-Di-Interpretariato-Interpretazione-Simultanea.jpg\" class=\"ct-image\"\/><\/div><\/div><\/div><div id=\"new_columns-40-47\" class=\"ct-new-columns\" ><div id=\"div_block-47-47\" class=\"ct-div-block\" ><div id=\"div_block-48-47\" class=\"ct-div-block portraitsmall\" ><img id=\"image-49-47\" alt=\"\" src=\"https:\/\/www.mielcafedesign.com\/itdesign\/wp-content\/uploads\/sites\/104\/2020\/12\/InterpreToo-Interpretrariato-E-Traduzioni-Alessandra-Cola-Servizio-Di-Interpretariato-Interpretazione-Consecutiva.jpg\" class=\"ct-image\"\/><\/div><\/div><div id=\"div_block-41-47\" class=\"ct-div-block\" ><div id=\"div_block-42-47\" class=\"ct-div-block\" ><div id=\"div_block-43-47\" class=\"ct-div-block\" ><div id=\"fancy_icon-44-47\" class=\"ct-fancy-icon\" ><svg id=\"svg-fancy_icon-44-47\"><use xlink:href=\"#Lineariconsicon-arrow-right\"><\/use><\/svg><\/div><\/div><h3 id=\"headline-45-47\" class=\"ct-headline\">Interpr\u00e9tation cons\u00e9cutive<\/h3><\/div><div id=\"_rich_text-46-47\" class=\"oxy-rich-text\" ><p>L\u2019interpr\u00e9tation cons\u00e9cutive est la forme la plus ancienne d\u2019interpr\u00e9tation de conf\u00e9rence. L\u2019interpr\u00e9tation se fait en diff\u00e9r\u00e9, sans l\u2019aide d\u2019\u00e9quipements techniques, exception faite pour le bloc-notes de l\u2019interpr\u00e8te.<\/p>\r\n<p>Pour ce type de service, il est important de consid\u00e9rer comme dur\u00e9e totale environ le double du temps pr\u00e9vu pour l\u2019intervention elle-m\u00eame.<\/p><\/div><\/div><\/div><div id=\"new_columns-64-47\" class=\"ct-new-columns\" ><div id=\"div_block-68-47\" class=\"ct-div-block\" ><div id=\"div_block-69-47\" class=\"ct-div-block\" ><div id=\"div_block-70-47\" class=\"ct-div-block\" ><div id=\"fancy_icon-71-47\" class=\"ct-fancy-icon\" ><svg id=\"svg-fancy_icon-71-47\"><use xlink:href=\"#Lineariconsicon-arrow-right\"><\/use><\/svg><\/div><\/div><h3 id=\"headline-72-47\" class=\"ct-headline\">Interpr\u00e9tation \u00e0 distance<\/h3><\/div><div id=\"_rich_text-73-47\" class=\"oxy-rich-text\" ><p>Cette derni\u00e8re forme d\u2019interpr\u00e9tation s\u2019est \u00e9norm\u00e9ment r\u00e9pandue ces derniers temps dans la mesure o\u00f9 elle permet d\u2019organiser des rencontres internationales, n\u2019importe quand, en s\u2019appuyant sur la technologie.<\/p>\r\n<p>L\u2019interpr\u00e9tation \u00e0 distance est possible en cons\u00e9cutive et en simultan\u00e9e, avec un ou plusieurs interpr\u00e8tes. Toute plateforme et \u00e9v\u00e8nement comportent cependant des \u00e9l\u00e9ments et contraintes \u00e0 prendre en compte. Si vous n\u2019avez pas d\u2019exp\u00e9rience avec ce nouveau format d\u2019interpr\u00e9tation, vous pouvez demander une s\u00e9ance de conseil durant laquelle nous \u00e9valuerons ensemble les \u00e9quipements et les services les mieux adapt\u00e9s \u00e0 votre cas particulier.<\/p>\r\n<p>Pour de plus amples informations, consultez notre service de <a href=\"https:\/\/interpretoo.it\/fr\/services\/formation-et-conseil\/\">conseil pour les \u00e9v\u00e8nements<\/a>\u00a0ou contactez-moi par le biais du formulaire ci-dessous pour prendre rendez-vous.<\/p><\/div><\/div><div id=\"div_block-65-47\" class=\"ct-div-block\" ><div id=\"div_block-66-47\" class=\"ct-div-block portraitsmall\" ><img id=\"image-67-47\" alt=\"\" src=\"https:\/\/www.mielcafedesign.com\/itdesign\/wp-content\/uploads\/sites\/104\/2020\/12\/InterpreToo-Interpretrariato-E-Traduzioni-Alessandra-Cola-Servizio-Di-Interpretariato-Interpretazione-Da-Remoto.jpg\" class=\"ct-image\"\/><\/div><\/div><\/div><div id=\"new_columns-28-47\" class=\"ct-new-columns\" ><div id=\"div_block-30-47\" class=\"ct-div-block\" ><div id=\"div_block-38-47\" class=\"ct-div-block portraitsmall\" ><img id=\"image-39-47\" alt=\"\" src=\"https:\/\/www.mielcafedesign.com\/itdesign\/wp-content\/uploads\/sites\/104\/2021\/01\/InterpreToo-Interpretrariato-E-Traduzioni-Alessandra-Cola-Servizio-Di-Interpretariato-Interpretazione-Di-Trattativa.jpg\" class=\"ct-image\"\/><\/div><\/div><div id=\"div_block-29-47\" class=\"ct-div-block\" ><div id=\"div_block-31-47\" class=\"ct-div-block\" ><div id=\"div_block-32-47\" class=\"ct-div-block\" ><div id=\"fancy_icon-33-47\" class=\"ct-fancy-icon\" ><svg id=\"svg-fancy_icon-33-47\"><use xlink:href=\"#Lineariconsicon-arrow-right\"><\/use><\/svg><\/div><\/div><h3 id=\"headline-34-47\" class=\"ct-headline\">Interpr\u00e9tation de liaison et chuchotage<\/h3><\/div><div id=\"_rich_text-36-47\" class=\"oxy-rich-text\" ><p>L\u2019interpr\u00e9tation de liaison est utilis\u00e9e lors de rencontres B2B, n\u00e9gociations commerciales, rencontres bilat\u00e9rales ou formations techniques.Elle est n\u00e9cessaire lorsque les participants ne parlent pas la m\u00eame langue, afin de garantir le succ\u00e8s de la rencontre.<\/p>\r\n<p>Il s\u2019agit d\u2019une traduction qui ne n\u00e9cessite pas d\u2019\u00e9quipements mais o\u00f9 l\u2019on peut avoir recours \u00e0 un syst\u00e8me de <strong><em>bidule<\/em><\/strong> pour r\u00e9duire l\u2019impact des bruits ext\u00e9rieurs et rendre la traduction plus compr\u00e9hensible.<\/p>\r\n<p>En cas d\u2019audience r\u00e9duite, ce type de traduction peut \u00eatre r\u00e9alis\u00e9 \u00e9galement par la technique de <strong>chuchotage<\/strong>. Dans ce cas de figure, l\u2019interpr\u00e8te traduit simultan\u00e9ment les mots de l\u2019intervenant, sans support audio, en chuchotant \u00e0 l\u2019oreille de la personne qui \u00e9coute.<\/p><\/div><\/div><\/div><\/div><\/section><section id=\"section-76-47\" class=\" ct-section\" ><div class=\"ct-section-inner-wrap\"><div id=\"new_columns-77-47\" class=\"ct-new-columns\" ><div id=\"div_block-79-47\" class=\"ct-div-block\" ><div id=\"_rich_text-82-47\" class=\"oxy-rich-text\" ><p>L\u2019interpr\u00e9tation, sous toutes ses formes, est une pratique tr\u00e8s fatigante. Elle demande la plus grande concentration et les meilleurs r\u00e9flexes de la part de l\u2019interpr\u00e8te. C\u2019est pour cela qu\u2019en fonction de la dur\u00e9e de l\u2019\u00e9v\u00e8nement, il peut s\u2019av\u00e9rer n\u00e9cessaire d\u2019avoir deux interpr\u00e8tes qui travaillent en alternance.<\/p>\r\n<p>Vous avez besoin d\u2019informations pr\u00e9cises concernant votre \u00e9v\u00e8nement? Remplissez le formulaire ci-dessous avec toutes les informations et nous \u00e9valuerons ensemble vos besoins.<\/p><\/div><a id=\"link_button-83-47\" class=\"ct-link-button\" href=\"\/fr\/contact\"   >contactez-moi<\/a><\/div><\/div><\/div><\/section><section id=\"section-85-47\" class=\" ct-section\" style=\"background-image:url(\/wp-content\/uploads\/2020\/12\/InterpreToo-Interpretrariato-E-Traduzioni-Alessandra-Cola-Servizio-Di-Interpretariato-Interpretazione-Cuffie.jpg);background-size: cover;\" ><div class=\"ct-section-inner-wrap\"><\/div><\/section><section id=\"section-86-47\" class=\" ct-section\" ><div class=\"ct-section-inner-wrap\"><div id=\"div_block-87-47\" class=\"ct-div-block\" ><div id=\"text_block-88-47\" class=\"ct-text-block\" >Vous avez trouv\u00e9 ce que vous cherchiez? <br><\/div><div id=\"_rich_text-92-47\" class=\"oxy-rich-text\" ><p>Ensemble, nous pouvons travailler sur l\u2019interpr\u00e9tation lors de votre rencontre ou de votre conf\u00e9rence en italien, anglais et fran\u00e7ais.<\/p>\r\n<p>Je me sp\u00e9cialise dans les domaines suivants:<\/p><\/div><div id=\"new_columns-93-47\" class=\"ct-new-columns\" ><div id=\"div_block-94-47\" class=\"ct-div-block\" ><h3 id=\"headline-96-47\" class=\"ct-headline\">Mode et<br>artisanat<\/h3><\/div><div id=\"div_block-95-47\" class=\"ct-div-block\" ><h3 id=\"headline-98-47\" class=\"ct-headline\">Secteur de l\u2019alimentation \/ agroalimentaire<br><\/h3><\/div><\/div><div id=\"new_columns-102-47\" class=\"ct-new-columns\" ><div id=\"div_block-103-47\" class=\"ct-div-block\" ><h3 id=\"headline-104-47\" class=\"ct-headline\">Secteur \u00e0 but non lucratif \/ ONG<\/h3><\/div><div id=\"div_block-105-47\" class=\"ct-div-block\" ><h3 id=\"headline-106-47\" class=\"ct-headline\">Environnement et durabilit\u00e9 \u00e9nerg\u00e9tique<br><\/h3><\/div><\/div><div id=\"new_columns-109-47\" class=\"ct-new-columns\" ><div id=\"div_block-110-47\" class=\"ct-div-block\" ><h3 id=\"headline-111-47\" class=\"ct-headline\">Marketing<\/h3><\/div><div id=\"div_block-112-47\" class=\"ct-div-block\" ><h3 id=\"headline-113-47\" class=\"ct-headline\">M\u00e9decine et<br>psychologie<br><\/h3><\/div><\/div><div id=\"_rich_text-116-47\" class=\"oxy-rich-text\" ><p><strong>Vous ne trouvez pas le secteur qui vous concerne ni la langue qui vous int\u00e9resse?<\/strong> Pas de probl\u00e8me!<\/p>\r\n<p>Remplissez le formulaire ci-dessous avec toutes les informations concernant votre projet. Je mettrai mon r\u00e9seau de contacts \u00e0 votre disposition pour vous aider \u00e0 trouver le professionnel qui conviendra parfaitement \u00e0 votre recherche.<\/p><\/div><\/div><\/div><\/section><section id=\"section-118-47\" class=\" ct-section\" ><div class=\"ct-section-inner-wrap\"><div id=\"div_block-119-47\" class=\"ct-div-block\" ><div id=\"text_block-120-47\" class=\"ct-text-block\" >Remplissez le formulaire pour obtenir de plus amples informations ou recevoir un devis<br><\/div><div id=\"shortcode-140-47\" class=\"ct-shortcode\" ><div role=\"form\" class=\"wpcf7\" id=\"wpcf7-f56-o1\" lang=\"it-IT\" dir=\"ltr\">\n<div class=\"screen-reader-response\"><p role=\"status\" aria-live=\"polite\" aria-atomic=\"true\"><\/p> <ul><\/ul><\/div>\n<form action=\"\/fr\/wp-json\/wp\/v2\/pages\/47#wpcf7-f56-o1\" method=\"post\" class=\"wpcf7-form init\" novalidate=\"novalidate\" data-status=\"init\">\n<div style=\"display: none;\">\n<input type=\"hidden\" name=\"_wpcf7\" value=\"56\" \/>\n<input type=\"hidden\" name=\"_wpcf7_version\" value=\"5.4\" \/>\n<input type=\"hidden\" name=\"_wpcf7_locale\" value=\"it_IT\" \/>\n<input type=\"hidden\" name=\"_wpcf7_unit_tag\" value=\"wpcf7-f56-o1\" \/>\n<input type=\"hidden\" name=\"_wpcf7_container_post\" value=\"0\" \/>\n<input type=\"hidden\" name=\"_wpcf7_posted_data_hash\" value=\"\" \/>\n<input type=\"hidden\" name=\"_wpcf7_recaptcha_response\" value=\"\" \/>\n<\/div>\n<div class=\"primariga\"><span class=\"wpcf7-form-control-wrap your-name\"><input type=\"text\" name=\"your-name\" value=\"\" size=\"40\" class=\"wpcf7-form-control wpcf7-text wpcf7-validates-as-required\" aria-required=\"true\" aria-invalid=\"false\" placeholder=\"Nom*\" \/><\/span><span class=\"wpcf7-form-control-wrap your-surname\"><input type=\"text\" name=\"your-surname\" value=\"\" size=\"40\" class=\"wpcf7-form-control wpcf7-text\" aria-invalid=\"false\" placeholder=\"Pr\u00e9nom\" \/><\/span><\/div>\n<p><span class=\"wpcf7-form-control-wrap your-email\"><input type=\"email\" name=\"your-email\" value=\"\" size=\"40\" class=\"wpcf7-form-control wpcf7-text wpcf7-email wpcf7-validates-as-required wpcf7-validates-as-email\" aria-required=\"true\" aria-invalid=\"false\" placeholder=\"Email*\" \/><\/span><\/p>\n<p><span class=\"wpcf7-form-control-wrap Tipodirichiesta\"><select name=\"Tipodirichiesta\" class=\"wpcf7-form-control wpcf7-select\" aria-invalid=\"false\"><option value=\"\">---<\/option><option value=\"Interpr\u00e9tation de liaison\">Interpr\u00e9tation de liaison<\/option><option value=\"Interpr\u00e9tation cons\u00e9cutive\">Interpr\u00e9tation cons\u00e9cutive<\/option><option value=\"Interpr\u00e9tation simultan\u00e9e\">Interpr\u00e9tation simultan\u00e9e<\/option><option value=\"Interpr\u00e9tation \u00e0 distance\">Interpr\u00e9tation \u00e0 distance<\/option><\/select><\/span><\/p>\n<p><span class=\"wpcf7-form-control-wrap LingueDiLavoro\"><select name=\"LingueDiLavoro\" class=\"wpcf7-form-control wpcf7-select\" aria-invalid=\"false\"><option value=\"\">---<\/option><option value=\"Italien\">Italien<\/option><option value=\"Anglais\">Anglais<\/option><option value=\"Fran\u00e7ais\">Fran\u00e7ais<\/option><\/select><\/span><\/p>\n<p><span class=\"wpcf7-form-control-wrap MercatoDiAppartenenzaInterpretariato\"><select name=\"MercatoDiAppartenenzaInterpretariato\" class=\"wpcf7-form-control wpcf7-select\" aria-invalid=\"false\"><option value=\"\">---<\/option><option value=\"Mode et artisanat\">Mode et artisanat<\/option><option value=\"Secteur de l\u2019alimentation \/ agroalimentaire\">Secteur de l\u2019alimentation \/ agroalimentaire<\/option><option value=\"Secteur \u00e0 but non lucratif \/ ONG\">Secteur \u00e0 but non lucratif \/ ONG<\/option><option value=\"Environnement et durabilit\u00e9 \u00e9nerg\u00e9tique\">Environnement et durabilit\u00e9 \u00e9nerg\u00e9tique<\/option><option value=\"Marketing\">Marketing<\/option><option value=\"M\u00e9decine et psychologie\">M\u00e9decine et psychologie<\/option><option value=\"Autre\">Autre<\/option><\/select><\/span><\/p>\n<p><span class=\"wpcf7-form-control-wrap dataevento\"><input type=\"text\" name=\"dataevento\" value=\"\" size=\"40\" class=\"wpcf7-form-control wpcf7-text\" aria-invalid=\"false\" placeholder=\"Date de l\u2019\u00e9v\u00e8nement\" \/><\/span><\/p>\n<p><span class=\"wpcf7-form-control-wrap orelavoro\"><input type=\"text\" name=\"orelavoro\" value=\"\" size=\"40\" class=\"wpcf7-form-control wpcf7-text\" aria-invalid=\"false\" placeholder=\"Horaires de travail\" \/><\/span><\/p>\n<p><span class=\"wpcf7-form-control-wrap your-message\"><textarea name=\"your-message\" cols=\"40\" rows=\"10\" class=\"wpcf7-form-control wpcf7-textarea wpcf7-validates-as-required\" aria-required=\"true\" aria-invalid=\"false\" placeholder=\"Autres informations...*\"><\/textarea><\/span><\/p>\n<p class='accettazione'><span class=\"wpcf7-form-control-wrap acceptance-279\"><span class=\"wpcf7-form-control wpcf7-acceptance\"><span class=\"wpcf7-list-item\"><label><input type=\"checkbox\" name=\"acceptance-279\" value=\"1\" aria-invalid=\"false\" \/><span class=\"wpcf7-list-item-label\">J'ai lu et accepte les conditions de la <a href=\"\/fr\/privacy-policy\">politique de confidentialit\u00e9<\/a>.<\/span><\/label><\/span><\/span><\/span> <\/p>\n<p><button class=\"bottone-contatti button onwhite\">Envoyer un message  \ue87a<\/button><\/p>\n<div class=\"wpcf7-response-output\" aria-hidden=\"true\"><\/div><\/form><\/div><\/div><\/div><\/div><\/section><section id=\"section-141-47\" class=\" ct-section\" ><div class=\"ct-section-inner-wrap\"><div id=\"text_block-142-47\" class=\"ct-text-block\" >faq<br><\/div><div id=\"div_block-157-47\" class=\"ct-div-block\" ><div id=\"_toggle-145-47\" class=\"oxy-toggle toggle-9009 toggle-9009-expanded\"  data-oxy-toggle-initial-state=\"open\" data-oxy-toggle-active-class=\"toggle-9009-expanded\" >\n\t\t\t<div class='oxy-expand-collapse-icon' href='#'><\/div>\n\t\t\t<div class='oxy-toggle-content'>\n\t\t\t\t<div id=\"div_block-149-47\" class=\"ct-div-block\" ><h1 id=\"headline-146-47\" class=\"ct-headline\">Modalit\u00e9s de paiement<\/h1><div id=\"fancy_icon-150-47\" class=\"ct-fancy-icon\" ><svg id=\"svg-fancy_icon-150-47\"><use xlink:href=\"#Lineariconsicon-chevron-down\"><\/use><\/svg><\/div><\/div>\t\t\t<\/div>\n\t\t<\/div><div id=\"text_block-147-47\" class=\"ct-text-block\" >Le paiement des services d\u2019interpr\u00e9tation se fait par virement bancaire. <br>Les d\u00e9tails concernant le versement d\u2019un acompte seront d\u00e9finis en fonction du projet durant la prise de contact. <br><\/div><\/div><div id=\"div_block-165-47\" class=\"ct-div-block\" ><div id=\"_toggle-166-47\" class=\"oxy-toggle toggle-9009 toggle-9009-expanded\"  data-oxy-toggle-initial-state=\"closed\" data-oxy-toggle-active-class=\"toggle-9009-expanded\" >\n\t\t\t<div class='oxy-expand-collapse-icon' href='#'><\/div>\n\t\t\t<div class='oxy-toggle-content'>\n\t\t\t\t<div id=\"div_block-167-47\" class=\"ct-div-block\" ><h1 id=\"headline-168-47\" class=\"ct-headline\">D\u00e9lais de r\u00e9servation<\/h1><div id=\"fancy_icon-169-47\" class=\"ct-fancy-icon\" ><svg id=\"svg-fancy_icon-169-47\"><use xlink:href=\"#Lineariconsicon-chevron-down\"><\/use><\/svg><\/div><\/div>\t\t\t<\/div>\n\t\t<\/div><div id=\"text_block-170-47\" class=\"ct-text-block\" >Pour les missions d\u2019interpr\u00e9tation, il est conseill\u00e9 de donner un pr\u00e9avis de deux semaines pour permettre \u00e0 l\u2019interpr\u00e8te d\u2019\u00e9tudier au mieux la documentation relative \u00e0 l\u2019\u00e9v\u00e8nement.   <br>La documentation que vous fournirez aux interpr\u00e8tes est cruciale et c\u2019est d\u2019elle que d\u00e9pendra le r\u00e9sultat final du service. Pour faciliter cet \u00e9change d\u2019informations tout en pr\u00e9servant la confidentialit\u00e9 des documents, il est possible de signer un accord de confidentialit\u00e9 (compte tenu du fait que pour les interpr\u00e8tes, la confidentialit\u00e9 est fondamentale et fait partie de la d\u00e9ontologie professionnelle).<br><\/div><\/div><div id=\"div_block-173-47\" class=\"ct-div-block\" ><div id=\"_toggle-174-47\" class=\"oxy-toggle toggle-9009 toggle-9009-expanded\"  data-oxy-toggle-initial-state=\"closed\" data-oxy-toggle-active-class=\"toggle-9009-expanded\" >\n\t\t\t<div class='oxy-expand-collapse-icon' href='#'><\/div>\n\t\t\t<div class='oxy-toggle-content'>\n\t\t\t\t<div id=\"div_block-175-47\" class=\"ct-div-block\" ><h1 id=\"headline-176-47\" class=\"ct-headline\">Me contacter<\/h1><div id=\"fancy_icon-177-47\" class=\"ct-fancy-icon\" ><svg id=\"svg-fancy_icon-177-47\"><use xlink:href=\"#Lineariconsicon-chevron-down\"><\/use><\/svg><\/div><\/div>\t\t\t<\/div>\n\t\t<\/div><div id=\"text_block-178-47\" class=\"ct-text-block\" >Pour toute demande d\u2019informations ou de devis, il est recommand\u00e9 d\u2019utiliser le formulaire de contact que vous trouverez sur le site ou d\u2019envoyer un mail \u00e0 <a href=\"mailto:alessandra@interpretoo.it\">alessandra@interpretoo.it<\/a>. Nous conviendrons ensuite d\u2019un rendez-vous t\u00e9l\u00e9phonique pour parler des d\u00e9tails de l\u2019\u00e9v\u00e8nement. <br><\/div><\/div><div id=\"div_block-202-47\" class=\"ct-div-block\" ><div id=\"_toggle-203-47\" class=\"oxy-toggle toggle-9009 toggle-9009-expanded\"  data-oxy-toggle-initial-state=\"closed\" data-oxy-toggle-active-class=\"toggle-9009-expanded\" >\n\t\t\t<div class='oxy-expand-collapse-icon' href='#'><\/div>\n\t\t\t<div class='oxy-toggle-content'>\n\t\t\t\t<div id=\"div_block-204-47\" class=\"ct-div-block\" ><h1 id=\"headline-205-47\" class=\"ct-headline\">Zones de d\u00e9placement pour les services d\u2019interpr\u00e9tation<\/h1><div id=\"fancy_icon-206-47\" class=\"ct-fancy-icon\" ><svg id=\"svg-fancy_icon-206-47\"><use xlink:href=\"#Lineariconsicon-chevron-down\"><\/use><\/svg><\/div><\/div>\t\t\t<\/div>\n\t\t<\/div><div id=\"text_block-207-47\" class=\"ct-text-block\" >Je travaille principalement en Emilie-Romagne, Toscane, Ombrie et dans les Marches, mais \u00e9galement en V\u00e9n\u00e9tie, Lombardie et dans le Lazio.Vous avez besoin d\u2019un interpr\u00e8te pour un \u00e9v\u00e8nement dans une autre r\u00e9gion? Je peux vous aider \u00e0 trouver la bonne personne gr\u00e2ce \u00e0 mon service de <a href=\"https:\/\/interpretoo.it\/fr\/services\/formation-et-conseil\/\">conseil pour les \u00e9v\u00e8nements<\/a>.<br><\/div><\/div><\/div><\/section>","protected":false},"excerpt":{"rendered":"","protected":false},"author":1,"featured_media":0,"parent":139,"menu_order":0,"comment_status":"closed","ping_status":"closed","template":"","meta":[],"yoast_head":"<!-- This site is optimized with the Yoast SEO plugin v15.9.2 - https:\/\/yoast.com\/wordpress\/plugins\/seo\/ -->\n<title>Interpr\u00e9tation &middot; InterpreToo<\/title>\n<link rel=\"canonical\" href=\"https:\/\/interpretoo.it\/fr\/services\/interpretation\/\" \/>\n<meta property=\"og:locale\" content=\"fr_FR\" \/>\n<meta property=\"og:type\" content=\"article\" \/>\n<meta property=\"og:title\" content=\"Interpr\u00e9tation &middot; InterpreToo\" \/>\n<meta property=\"og:url\" content=\"https:\/\/interpretoo.it\/fr\/services\/interpretation\/\" \/>\n<meta property=\"og:site_name\" content=\"InterpreToo\" \/>\n<meta property=\"article:publisher\" content=\"https:\/\/www.facebook.com\/InterpreToo\" \/>\n<meta property=\"article:modified_time\" content=\"2021-02-09T10:34:45+00:00\" \/>\n<meta name=\"twitter:card\" content=\"summary_large_image\" \/>\n<script type=\"application\/ld+json\" class=\"yoast-schema-graph\">{\"@context\":\"https:\/\/schema.org\",\"@graph\":[{\"@type\":\"Organization\",\"@id\":\"https:\/\/interpretoo.it\/fr\/#organization\",\"name\":\"InterpreToo\",\"url\":\"https:\/\/interpretoo.it\/fr\/\",\"sameAs\":[\"https:\/\/www.facebook.com\/InterpreToo\",\"https:\/\/www.linkedin.com\/in\/alessandra-cola-a0057623\/\"],\"logo\":{\"@type\":\"ImageObject\",\"@id\":\"https:\/\/interpretoo.it\/fr\/#logo\",\"inLanguage\":\"fr-FR\",\"url\":\"https:\/\/interpretoo.it\/fr\/wp-content\/uploads\/sites\/3\/2021\/02\/logo.png\",\"width\":710,\"height\":172,\"caption\":\"InterpreToo\"},\"image\":{\"@id\":\"https:\/\/interpretoo.it\/fr\/#logo\"}},{\"@type\":\"WebSite\",\"@id\":\"https:\/\/interpretoo.it\/fr\/#website\",\"url\":\"https:\/\/interpretoo.it\/fr\/\",\"name\":\"InterpreToo\",\"description\":\"Ecco un altro sito InterpreToo siti\",\"publisher\":{\"@id\":\"https:\/\/interpretoo.it\/fr\/#organization\"},\"potentialAction\":[{\"@type\":\"SearchAction\",\"target\":\"https:\/\/interpretoo.it\/fr\/?s={search_term_string}\",\"query-input\":\"required name=search_term_string\"}],\"inLanguage\":\"fr-FR\"},{\"@type\":\"WebPage\",\"@id\":\"https:\/\/interpretoo.it\/fr\/services\/interpretation\/#webpage\",\"url\":\"https:\/\/interpretoo.it\/fr\/services\/interpretation\/\",\"name\":\"Interpr\\u00e9tation &middot; InterpreToo\",\"isPartOf\":{\"@id\":\"https:\/\/interpretoo.it\/fr\/#website\"},\"datePublished\":\"2020-12-30T08:06:49+00:00\",\"dateModified\":\"2021-02-09T10:34:45+00:00\",\"breadcrumb\":{\"@id\":\"https:\/\/interpretoo.it\/fr\/services\/interpretation\/#breadcrumb\"},\"inLanguage\":\"fr-FR\",\"potentialAction\":[{\"@type\":\"ReadAction\",\"target\":[\"https:\/\/interpretoo.it\/fr\/services\/interpretation\/\"]}]},{\"@type\":\"BreadcrumbList\",\"@id\":\"https:\/\/interpretoo.it\/fr\/services\/interpretation\/#breadcrumb\",\"itemListElement\":[{\"@type\":\"ListItem\",\"position\":1,\"item\":{\"@type\":\"WebPage\",\"@id\":\"https:\/\/interpretoo.it\/fr\/\",\"url\":\"https:\/\/interpretoo.it\/fr\/\",\"name\":\"Home\"}},{\"@type\":\"ListItem\",\"position\":2,\"item\":{\"@type\":\"WebPage\",\"@id\":\"https:\/\/interpretoo.it\/fr\/services\/\",\"url\":\"https:\/\/interpretoo.it\/fr\/services\/\",\"name\":\"Services\"}},{\"@type\":\"ListItem\",\"position\":3,\"item\":{\"@type\":\"WebPage\",\"@id\":\"https:\/\/interpretoo.it\/fr\/services\/interpretation\/\",\"url\":\"https:\/\/interpretoo.it\/fr\/services\/interpretation\/\",\"name\":\"Interpr\\u00e9tation\"}}]}]}<\/script>\n<!-- \/ Yoast SEO plugin. -->","_links":{"self":[{"href":"https:\/\/interpretoo.it\/fr\/wp-json\/wp\/v2\/pages\/47"}],"collection":[{"href":"https:\/\/interpretoo.it\/fr\/wp-json\/wp\/v2\/pages"}],"about":[{"href":"https:\/\/interpretoo.it\/fr\/wp-json\/wp\/v2\/types\/page"}],"author":[{"embeddable":true,"href":"https:\/\/interpretoo.it\/fr\/wp-json\/wp\/v2\/users\/1"}],"replies":[{"embeddable":true,"href":"https:\/\/interpretoo.it\/fr\/wp-json\/wp\/v2\/comments?post=47"}],"version-history":[{"count":3,"href":"https:\/\/interpretoo.it\/fr\/wp-json\/wp\/v2\/pages\/47\/revisions"}],"predecessor-version":[{"id":237,"href":"https:\/\/interpretoo.it\/fr\/wp-json\/wp\/v2\/pages\/47\/revisions\/237"}],"up":[{"embeddable":true,"href":"https:\/\/interpretoo.it\/fr\/wp-json\/wp\/v2\/pages\/139"}],"wp:attachment":[{"href":"https:\/\/interpretoo.it\/fr\/wp-json\/wp\/v2\/media?parent=47"}],"curies":[{"name":"wp","href":"https:\/\/api.w.org\/{rel}","templated":true}]}}