{"id":64,"date":"2020-12-30T12:46:23","date_gmt":"2020-12-30T11:46:23","guid":{"rendered":"https:\/\/www.mielcafedesign.com\/itdesign\/?page_id=64"},"modified":"2021-02-09T11:35:07","modified_gmt":"2021-02-09T10:35:07","slug":"traduction","status":"publish","type":"page","link":"https:\/\/interpretoo.it\/fr\/services\/traduction\/","title":{"rendered":"Traduction"},"content":{"rendered":"<section id=\"section-5-47\" class=\" ct-section\" ><div class=\"ct-section-inner-wrap\"><div id=\"div_block-6-47\" class=\"ct-div-block\" ><div id=\"text_block-7-47\" class=\"ct-text-block\" >Services<\/div><h2 id=\"headline-8-47\" class=\"ct-headline\">Services de traduction et de sous-titrage<\/h2><\/div><\/div><\/section><section id=\"section-11-47\" class=\" ct-section\" ><div class=\"ct-section-inner-wrap\"><div id=\"div_block-185-64\" class=\"ct-div-block\" ><div id=\"_rich_text-182-64\" class=\"oxy-rich-text\" ><p>Si vous travaillez sur la sc\u00e8ne internationale, vous aurez certainement eu besoin \u00e0 maintes reprises de traduire des documents, contrats, manuels, etc.<\/p><\/div><\/div><div id=\"text_block-12-47\" class=\"ct-text-block\" >Peut-\u00eatre avez-vous pens\u00e9:<\/div><div id=\"div_block-15-47\" class=\"ct-div-block\" ><div id=\"div_block-21-47\" class=\"ct-div-block\" ><div id=\"_rich_text-16-47\" class=\"oxy-rich-text\" ><p>Quelqu\u2019un de mon \u00e9quipe peut s\u2019en charger. Sinon, je peux le faire moi-m\u00eame<\/p><\/div><div id=\"div_block-17-47\" class=\"ct-div-block\" ><\/div><div id=\"div_block-18-47\" class=\"ct-div-block\" ><\/div><\/div><div id=\"_rich_text-19-47\" class=\"oxy-rich-text\" ><p>Contrairement au langage parl\u00e9, riche de gestes et d\u2019intonations, le langage \u00e9crit pr\u00e9sente une marge d\u2019erreurs minime. Une traduction fid\u00e8le demande du temps et de la recherche. Vous en sentez-vous vraiment capable?<\/p>\r\n<p>Que vous ayez besoin d\u2018une traduction occasionnelle ou d\u2019un point de r\u00e9f\u00e9rence constant, <strong>mon objectif<\/strong> est de vous aider \u00e0 faire passer votre message en vous offrant des traductions de haut niveau, en ligne avec votre style de communication.<\/p><\/div><\/div><\/div><\/section><section id=\"section-24-47\" class=\" ct-section\" ><div class=\"ct-section-inner-wrap\"><div id=\"text_block-25-47\" class=\"ct-text-block\" >En quoi puis-je vous aider?<br><\/div><div id=\"new_columns-28-47\" class=\"ct-new-columns\" ><div id=\"div_block-29-47\" class=\"ct-div-block\" ><div id=\"div_block-31-47\" class=\"ct-div-block\" ><div id=\"div_block-32-47\" class=\"ct-div-block\" ><div id=\"fancy_icon-33-47\" class=\"ct-fancy-icon\" ><svg id=\"svg-fancy_icon-33-47\"><use xlink:href=\"#Lineariconsicon-arrow-right\"><\/use><\/svg><\/div><\/div><h3 id=\"headline-34-47\" class=\"ct-headline\">Traduction sp\u00e9cialis\u00e9e<\/h3><\/div><div id=\"_rich_text-36-47\" class=\"oxy-rich-text\" ><p>La traduction sp\u00e9cialis\u00e9e est un type de traduction extr\u00eamement recherch\u00e9 dans le milieu des affaires. Des textes pour votre site, au contenu pour les campagnes de publicit\u00e9, \u00e0 la traduction de manuels, aux \u00e9tudes de march\u00e9 ou aux notes pour votre prochaine pr\u00e9sentation. Chaque document, en particulier s\u2019il est destin\u00e9 \u00e0 \u00eatre publi\u00e9, n\u00e9cessite un \u00e9quilibre pr\u00e9cis entre traduction fid\u00e8le et connaissance technique et culturelle, pour en garantir l\u2019efficacit\u00e9 maximale.<\/p>\r\n<p>En ce qui concerne la pr\u00e9sentation, vous voudriez am\u00e9liorer votre prononciation et ma\u00eetrise grammaticale? Jetez un coup d\u2019\u0153il \u00e0 mes <a href=\"https:\/\/interpretoo.it\/fr\/services\/formation-et-conseil\/\">cours de langue pour professionnels<\/a>.<\/p>\r\n<p>Les traductions sp\u00e9cialis\u00e9es comprennent \u00e9galement les traductions de documents officiels, tels que les extraits de naissance, qui souvent n\u00e9cessitent une assermentation, \u00e0 savoir la certification juridique de la traduction.<\/p>\r\n<p>Si cette certification est n\u00e9cessaire, il est important de le pr\u00e9ciser d\u00e8s le d\u00e9but.<\/p><\/div><\/div><div id=\"div_block-30-47\" class=\"ct-div-block\" ><div id=\"div_block-38-47\" class=\"ct-div-block portraitsmall\" ><img id=\"image-39-47\" alt=\"\" src=\"https:\/\/www.mielcafedesign.com\/itdesign\/wp-content\/uploads\/sites\/104\/2020\/12\/InterpreToo-Interpretrariato-E-Traduzioni-Alessandra-Cola-Servizio-Traduzione-E-Sottotitolaggio-Ricerca-Glossario.jpg\" class=\"ct-image\"\/><\/div><\/div><\/div><div id=\"new_columns-40-47\" class=\"ct-new-columns\" ><div id=\"div_block-47-47\" class=\"ct-div-block\" ><div id=\"div_block-48-47\" class=\"ct-div-block portraitsmall\" ><img id=\"image-49-47\" alt=\"\" src=\"https:\/\/www.mielcafedesign.com\/itdesign\/wp-content\/uploads\/sites\/104\/2020\/12\/InterpreToo-Interpretrariato-E-Traduzioni-Alessandra-Cola-Servizio-Traduzione-E-Sottotitolaggio-Revisione.jpg\" class=\"ct-image\"\/><\/div><\/div><div id=\"div_block-41-47\" class=\"ct-div-block\" ><div id=\"div_block-42-47\" class=\"ct-div-block\" ><div id=\"div_block-43-47\" class=\"ct-div-block\" ><div id=\"fancy_icon-44-47\" class=\"ct-fancy-icon\" ><svg id=\"svg-fancy_icon-44-47\"><use xlink:href=\"#Lineariconsicon-arrow-right\"><\/use><\/svg><\/div><\/div><h3 id=\"headline-45-47\" class=\"ct-headline\">Sous-titrage<\/h3><\/div><div id=\"_rich_text-46-47\" class=\"oxy-rich-text\" ><p>Vous travaillez sur une vid\u00e9o pour une campagne publicitaire? Ou pour votre site peut-\u00eatre? Ou encore, pour une r\u00e9union d\u2019entreprise?<\/p>\r\n<p>Le sous-titrage est une excellente technique pour pr\u00e9senter la m\u00eame vid\u00e9o \u00e0 un public plus ample, en optimisant les co\u00fbts de production.Si vous avez d\u00e9j\u00e0 la transcription du texte, attachez-la \u00e0 la demande de renseignements. Vous devez encore retranscrire la vid\u00e9o? Aucun probl\u00e8me. Je peux m\u2019en charger directement.<\/p>\r\n<p>Une fois le travail termin\u00e9, vous recevrez un document .srt qui contiendra la traduction avec le minutage pr\u00e9cis de chaque sous-titre.<\/p><\/div><\/div><\/div><div id=\"new_columns-52-47\" class=\"ct-new-columns\" ><div id=\"div_block-53-47\" class=\"ct-div-block\" ><div id=\"div_block-54-47\" class=\"ct-div-block\" ><div id=\"div_block-55-47\" class=\"ct-div-block\" ><div id=\"fancy_icon-56-47\" class=\"ct-fancy-icon\" ><svg id=\"svg-fancy_icon-56-47\"><use xlink:href=\"#Lineariconsicon-arrow-right\"><\/use><\/svg><\/div><\/div><h3 id=\"headline-57-47\" class=\"ct-headline\">R\u00e9vision et corrections<br><\/h3><\/div><div id=\"_rich_text-58-47\" class=\"oxy-rich-text\" ><p>Votre d\u00e9partement international s\u2019occupe de la traduction des documents officiels mais vous souhaiteriez que quelqu\u2019un se charge de la r\u00e9vision finale pour \u00e9viter les erreurs de grammaire ou de vocabulaire?<\/p>\r\n<p>Le service de r\u00e9vision et de corrections consiste en une relecture approfondie du texte d\u00e9j\u00e0 traduit pour en identifier les potentielles erreurs. De plus, il garantit un contr\u00f4le du style et du ton pour l\u2019adapter le plus possible au public cible.<\/p><\/div><\/div><div id=\"div_block-59-47\" class=\"ct-div-block\" ><div id=\"div_block-60-47\" class=\"ct-div-block portraitsmall\" ><img id=\"image-61-47\" alt=\"\" src=\"https:\/\/www.mielcafedesign.com\/itdesign\/wp-content\/uploads\/sites\/104\/2020\/12\/InterpreToo-Interpretrariato-E-Traduzioni-Alessandra-Cola-Servizio-Traduzione-E-Sottotitolaggio-Traduzione-Tecnica.jpg\" class=\"ct-image\"\/><\/div><\/div><\/div><\/div><\/section><section id=\"section-85-47\" class=\" ct-section\" style=\"background-image:url(\/wp-content\/uploads\/2020\/12\/InterpreToo-Interpretrariato-E-Traduzioni-Alessandra-Cola-Servizio-Di-Interpretariato-Interpretazione-Cuffie.jpg);background-size: cover;\" ><div class=\"ct-section-inner-wrap\"><\/div><\/section><section id=\"section-86-47\" class=\" ct-section\" ><div class=\"ct-section-inner-wrap\"><div id=\"div_block-87-47\" class=\"ct-div-block\" ><div id=\"text_block-88-47\" class=\"ct-text-block\" >Vous avez trouv\u00e9 ce que vous cherchiez?<br><\/div><div id=\"_rich_text-92-47\" class=\"oxy-rich-text\" ><p>Nous pouvons travailler ensemble sur des traductions, sous-titrages, r\u00e9visions de textes, en italien, anglais ou fran\u00e7ais.<\/p>\r\n<p>Je me sp\u00e9cialise dans les domaines suivants:<\/p><\/div><div id=\"new_columns-93-47\" class=\"ct-new-columns\" ><div id=\"div_block-94-47\" class=\"ct-div-block\" ><h3 id=\"headline-96-47\" class=\"ct-headline\">Mode et<br>artisanat<\/h3><\/div><div id=\"div_block-95-47\" class=\"ct-div-block\" ><h3 id=\"headline-98-47\" class=\"ct-headline\">Secteur de l\u2019alimentation \/ agroalimentaire<br><\/h3><\/div><\/div><div id=\"new_columns-102-47\" class=\"ct-new-columns\" ><div id=\"div_block-103-47\" class=\"ct-div-block\" ><h3 id=\"headline-104-47\" class=\"ct-headline\">Secteur \u00e0 but non lucratif \/ ONG<\/h3><\/div><div id=\"div_block-105-47\" class=\"ct-div-block\" ><h3 id=\"headline-106-47\" class=\"ct-headline\">Environnement et durabilit\u00e9 \u00e9nerg\u00e9tique<br><\/h3><\/div><\/div><div id=\"new_columns-109-47\" class=\"ct-new-columns\" ><div id=\"div_block-110-47\" class=\"ct-div-block\" ><h3 id=\"headline-111-47\" class=\"ct-headline\">Marketing<\/h3><\/div><div id=\"div_block-112-47\" class=\"ct-div-block\" ><h3 id=\"headline-113-47\" class=\"ct-headline\">M\u00e9decine et<br>psychologie<br><\/h3><\/div><\/div><div id=\"_rich_text-116-47\" class=\"oxy-rich-text\" ><p><strong>Je n\u2019ai pas mentionn\u00e9 votre secteur d\u2019activit\u00e9 ni la langue qui vous int\u00e9resse?<\/strong> Aucun probl\u00e8me!<\/p>\r\n<p>Remplissez le formulaire ci-dessous avec toutes les informations quant \u00e0 votre projet. Je mettrai mon r\u00e9seau de contacts \u00e0 votre service pour trouver le bon professionnel pour vous.<\/p><\/div><\/div><\/div><\/section><section id=\"section-118-47\" class=\" ct-section\" ><div class=\"ct-section-inner-wrap\"><div id=\"div_block-119-47\" class=\"ct-div-block\" ><div id=\"text_block-120-47\" class=\"ct-text-block\" >Remplissez le formulaire pour obtenir de plus amples informations ainsi qu\u2019un devis<br><\/div><div id=\"shortcode-140-47\" class=\"ct-shortcode\" ><div role=\"form\" class=\"wpcf7\" id=\"wpcf7-f66-o1\" lang=\"it-IT\" dir=\"ltr\">\n<div class=\"screen-reader-response\"><p role=\"status\" aria-live=\"polite\" aria-atomic=\"true\"><\/p> <ul><\/ul><\/div>\n<form action=\"\/fr\/wp-json\/wp\/v2\/pages\/64#wpcf7-f66-o1\" method=\"post\" class=\"wpcf7-form init\" enctype=\"multipart\/form-data\" novalidate=\"novalidate\" data-status=\"init\">\n<div style=\"display: none;\">\n<input type=\"hidden\" name=\"_wpcf7\" value=\"66\" \/>\n<input type=\"hidden\" name=\"_wpcf7_version\" value=\"5.4\" \/>\n<input type=\"hidden\" name=\"_wpcf7_locale\" value=\"it_IT\" \/>\n<input type=\"hidden\" name=\"_wpcf7_unit_tag\" value=\"wpcf7-f66-o1\" \/>\n<input type=\"hidden\" name=\"_wpcf7_container_post\" value=\"0\" \/>\n<input type=\"hidden\" name=\"_wpcf7_posted_data_hash\" value=\"\" \/>\n<input type=\"hidden\" name=\"_wpcf7_recaptcha_response\" value=\"\" \/>\n<\/div>\n<div class=\"primariga\"><span class=\"wpcf7-form-control-wrap your-name\"><input type=\"text\" name=\"your-name\" value=\"\" size=\"40\" class=\"wpcf7-form-control wpcf7-text wpcf7-validates-as-required\" aria-required=\"true\" aria-invalid=\"false\" placeholder=\"Nom*\" \/><\/span><span class=\"wpcf7-form-control-wrap your-surname\"><input type=\"text\" name=\"your-surname\" value=\"\" size=\"40\" class=\"wpcf7-form-control wpcf7-text\" aria-invalid=\"false\" placeholder=\"Pr\u00e9nom\" \/><\/span><\/div>\n<p><span class=\"wpcf7-form-control-wrap your-email\"><input type=\"email\" name=\"your-email\" value=\"\" size=\"40\" class=\"wpcf7-form-control wpcf7-text wpcf7-email wpcf7-validates-as-required wpcf7-validates-as-email\" aria-required=\"true\" aria-invalid=\"false\" placeholder=\"Email*\" \/><\/span><\/p>\n<p><span class=\"wpcf7-form-control-wrap TipodirichiestaTraduzione\"><select name=\"TipodirichiestaTraduzione\" class=\"wpcf7-form-control wpcf7-select\" aria-invalid=\"false\"><option value=\"\">---<\/option><option value=\"Traduction sp\u00e9cialis\u00e9e\">Traduction sp\u00e9cialis\u00e9e<\/option><option value=\"Traduction technique\">Traduction technique<\/option><option value=\"Sous-titrage\">Sous-titrage<\/option><option value=\"R\u00e9vision et corrections\">R\u00e9vision et corrections<\/option><\/select><\/span><\/p>\n<p><span class=\"wpcf7-form-control-wrap LingueDiLavoro\"><select name=\"LingueDiLavoro\" class=\"wpcf7-form-control wpcf7-select\" aria-invalid=\"false\"><option value=\"\">---<\/option><option value=\"Italien\">Italien<\/option><option value=\"Anglais\">Anglais<\/option><option value=\"Fran\u00e7ais\">Fran\u00e7ais<\/option><\/select><\/span><\/p>\n<p><span class=\"wpcf7-form-control-wrap MercatoDiAppartenenzaInterpretariato\"><select name=\"MercatoDiAppartenenzaInterpretariato\" class=\"wpcf7-form-control wpcf7-select\" aria-invalid=\"false\"><option value=\"\">---<\/option><option value=\"Mode et artisanat\">Mode et artisanat<\/option><option value=\"Secteur de l\u2019alimentation \/ agroalimentaire\">Secteur de l\u2019alimentation \/ agroalimentaire<\/option><option value=\"Secteur \u00e0 but non lucratif \/ ONG\">Secteur \u00e0 but non lucratif \/ ONG<\/option><option value=\"Environnement et durabilit\u00e9 \u00e9nerg\u00e9tique\">Environnement et durabilit\u00e9 \u00e9nerg\u00e9tique<\/option><option value=\"Marketing\">Marketing<\/option><option value=\"M\u00e9decine et psychologie\">M\u00e9decine et psychologie<\/option><option value=\"Autre\">Autre<\/option><\/select><\/span><\/p>\n<p><span class=\"wpcf7-form-control-wrap datascadenza\"><input type=\"text\" name=\"datascadenza\" value=\"\" size=\"40\" class=\"wpcf7-form-control wpcf7-text\" aria-invalid=\"false\" placeholder=\"D\u00e9lai de livraison souhait\u00e9 de la traduction\" \/><\/span><\/p>\n<p><span class=\"wpcf7-form-control-wrap your-message\"><textarea name=\"your-message\" cols=\"40\" rows=\"10\" class=\"wpcf7-form-control wpcf7-textarea wpcf7-validates-as-required\" aria-required=\"true\" aria-invalid=\"false\" placeholder=\"Autres informations...*\"><\/textarea><\/span><\/p>\n<p><span class=\"wpcf7-form-control-wrap fileallegato\"><input type=\"file\" name=\"fileallegato\" size=\"40\" class=\"wpcf7-form-control wpcf7-file wpcf7-validates-as-required\" accept=\".jpg,.jpeg,.png,.gif,.pdf,.doc,.docx,.ppt,.pptx,.odt,.avi,.ogg,.m4a,.mov,.mp3,.mp4,.mpg,.wav,.wmv\" aria-required=\"true\" aria-invalid=\"false\" \/><\/span><\/p>\n<p style=\"font-size:12px\">*Merci, si possible, de bien vouloir joindre un document sous un format que l\u2019on peut \u00e9diter. C\u2019est seulement ainsi que vous obtiendrez un devis pr\u00e9cis en termes de co\u00fbt et de d\u00e9lais. Les formats conseill\u00e9s sont Word, Excel, Power Point, Pages, Keynote, Numbers, txt, rtf, PDF copiable. <\/p>\n<p class='accettazione'><span class=\"wpcf7-form-control-wrap acceptance-279\"><span class=\"wpcf7-form-control wpcf7-acceptance\"><span class=\"wpcf7-list-item\"><label><input type=\"checkbox\" name=\"acceptance-279\" value=\"1\" aria-invalid=\"false\" \/><span class=\"wpcf7-list-item-label\">J'ai lu et accepte les conditions de la <a href=\"\/fr\/privacy-policy\">politique de confidentialit\u00e9<\/a>.<\/span><\/label><\/span><\/span><\/span> <\/p>\n<p><button class=\"bottone-contatti button onwhite\">Envoyer un message  \ue87a<\/button><\/p>\n<div class=\"wpcf7-response-output\" aria-hidden=\"true\"><\/div><\/form><\/div><\/div><\/div><\/div><\/section><section id=\"section-141-47\" class=\" ct-section\" ><div class=\"ct-section-inner-wrap\"><div id=\"text_block-142-47\" class=\"ct-text-block\" >faq<br><\/div><div id=\"div_block-157-47\" class=\"ct-div-block\" ><div id=\"_toggle-145-47\" class=\"oxy-toggle toggle-9009 toggle-9009-expanded\"  data-oxy-toggle-initial-state=\"open\" data-oxy-toggle-active-class=\"toggle-9009-expanded\" >\n\t\t\t<div class='oxy-expand-collapse-icon' href='#'><\/div>\n\t\t\t<div class='oxy-toggle-content'>\n\t\t\t\t<div id=\"div_block-149-47\" class=\"ct-div-block\" ><h1 id=\"headline-146-47\" class=\"ct-headline\">Modalit\u00e9s de paiement<br><\/h1><div id=\"fancy_icon-150-47\" class=\"ct-fancy-icon\" ><svg id=\"svg-fancy_icon-150-47\"><use xlink:href=\"#Lineariconsicon-chevron-down\"><\/use><\/svg><\/div><\/div>\t\t\t<\/div>\n\t\t<\/div><div id=\"text_block-147-47\" class=\"ct-text-block\" >Le paiement des services de traduction et de sous-titrage se fait sous forme de virement bancaire. Un acompte est demand\u00e9 uniquement pour les projets les plus cons\u00e9quents.<br><\/div><\/div><div id=\"div_block-165-47\" class=\"ct-div-block\" ><div id=\"_toggle-166-47\" class=\"oxy-toggle toggle-9009 toggle-9009-expanded\"  data-oxy-toggle-initial-state=\"closed\" data-oxy-toggle-active-class=\"toggle-9009-expanded\" >\n\t\t\t<div class='oxy-expand-collapse-icon' href='#'><\/div>\n\t\t\t<div class='oxy-toggle-content'>\n\t\t\t\t<div id=\"div_block-167-47\" class=\"ct-div-block\" ><h1 id=\"headline-168-47\" class=\"ct-headline\">D\u00e9lais d\u2019obtention de devis<br><\/h1><div id=\"fancy_icon-169-47\" class=\"ct-fancy-icon\" ><svg id=\"svg-fancy_icon-169-47\"><use xlink:href=\"#Lineariconsicon-chevron-down\"><\/use><\/svg><\/div><\/div>\t\t\t<\/div>\n\t\t<\/div><div id=\"text_block-170-47\" class=\"ct-text-block\" >Apr\u00e8s r\u00e9ception des documents \u00e0 traduire, il faut en g\u00e9n\u00e9ral quelques jours pour que vous receviez un devis d\u00e9taill\u00e9 sur le projet.<br><\/div><\/div><div id=\"div_block-173-47\" class=\"ct-div-block\" ><div id=\"_toggle-174-47\" class=\"oxy-toggle toggle-9009 toggle-9009-expanded\"  data-oxy-toggle-initial-state=\"closed\" data-oxy-toggle-active-class=\"toggle-9009-expanded\" >\n\t\t\t<div class='oxy-expand-collapse-icon' href='#'><\/div>\n\t\t\t<div class='oxy-toggle-content'>\n\t\t\t\t<div id=\"div_block-175-47\" class=\"ct-div-block\" ><h1 id=\"headline-176-47\" class=\"ct-headline\">Me contacter<\/h1><div id=\"fancy_icon-177-47\" class=\"ct-fancy-icon\" ><svg id=\"svg-fancy_icon-177-47\"><use xlink:href=\"#Lineariconsicon-chevron-down\"><\/use><\/svg><\/div><\/div>\t\t\t<\/div>\n\t\t<\/div><div id=\"text_block-178-47\" class=\"ct-text-block\" >S\u2019il s\u2019agit d\u2019une demande d\u2019informations ou de devis, il est pr\u00e9f\u00e9rable de remplir le formulaire de renseignements que vous trouverez sur le site ou d\u2019envoyer un mail \u00e0 <a href=\"mailto:alessandra@interpretoo.it\">alessandra@interpretoo.it<\/a>.<br><br>Une fois les documents re\u00e7us, il pourra \u00eatre n\u00e9cessaire de fixer un rendez-vous t\u00e9l\u00e9phonique pour discuter ensemble du projet. Dans ce cas, je vous contacterai par email pour prendre rendez-vous. <br><\/div><\/div><\/div><\/section>","protected":false},"excerpt":{"rendered":"","protected":false},"author":1,"featured_media":0,"parent":139,"menu_order":0,"comment_status":"closed","ping_status":"closed","template":"","meta":[],"yoast_head":"<!-- This site is optimized with the Yoast SEO plugin v15.9.2 - https:\/\/yoast.com\/wordpress\/plugins\/seo\/ -->\n<title>Traduction &middot; InterpreToo<\/title>\n<link rel=\"canonical\" href=\"https:\/\/interpretoo.it\/fr\/services\/traduction\/\" \/>\n<meta property=\"og:locale\" content=\"fr_FR\" \/>\n<meta property=\"og:type\" content=\"article\" \/>\n<meta property=\"og:title\" content=\"Traduction &middot; InterpreToo\" \/>\n<meta property=\"og:url\" content=\"https:\/\/interpretoo.it\/fr\/services\/traduction\/\" \/>\n<meta property=\"og:site_name\" content=\"InterpreToo\" \/>\n<meta property=\"article:publisher\" content=\"https:\/\/www.facebook.com\/InterpreToo\" \/>\n<meta property=\"article:modified_time\" content=\"2021-02-09T10:35:07+00:00\" \/>\n<meta name=\"twitter:card\" content=\"summary_large_image\" \/>\n<script type=\"application\/ld+json\" class=\"yoast-schema-graph\">{\"@context\":\"https:\/\/schema.org\",\"@graph\":[{\"@type\":\"Organization\",\"@id\":\"https:\/\/interpretoo.it\/fr\/#organization\",\"name\":\"InterpreToo\",\"url\":\"https:\/\/interpretoo.it\/fr\/\",\"sameAs\":[\"https:\/\/www.facebook.com\/InterpreToo\",\"https:\/\/www.linkedin.com\/in\/alessandra-cola-a0057623\/\"],\"logo\":{\"@type\":\"ImageObject\",\"@id\":\"https:\/\/interpretoo.it\/fr\/#logo\",\"inLanguage\":\"fr-FR\",\"url\":\"https:\/\/interpretoo.it\/fr\/wp-content\/uploads\/sites\/3\/2021\/02\/logo.png\",\"width\":710,\"height\":172,\"caption\":\"InterpreToo\"},\"image\":{\"@id\":\"https:\/\/interpretoo.it\/fr\/#logo\"}},{\"@type\":\"WebSite\",\"@id\":\"https:\/\/interpretoo.it\/fr\/#website\",\"url\":\"https:\/\/interpretoo.it\/fr\/\",\"name\":\"InterpreToo\",\"description\":\"Ecco un altro sito InterpreToo siti\",\"publisher\":{\"@id\":\"https:\/\/interpretoo.it\/fr\/#organization\"},\"potentialAction\":[{\"@type\":\"SearchAction\",\"target\":\"https:\/\/interpretoo.it\/fr\/?s={search_term_string}\",\"query-input\":\"required name=search_term_string\"}],\"inLanguage\":\"fr-FR\"},{\"@type\":\"WebPage\",\"@id\":\"https:\/\/interpretoo.it\/fr\/services\/traduction\/#webpage\",\"url\":\"https:\/\/interpretoo.it\/fr\/services\/traduction\/\",\"name\":\"Traduction &middot; InterpreToo\",\"isPartOf\":{\"@id\":\"https:\/\/interpretoo.it\/fr\/#website\"},\"datePublished\":\"2020-12-30T11:46:23+00:00\",\"dateModified\":\"2021-02-09T10:35:07+00:00\",\"breadcrumb\":{\"@id\":\"https:\/\/interpretoo.it\/fr\/services\/traduction\/#breadcrumb\"},\"inLanguage\":\"fr-FR\",\"potentialAction\":[{\"@type\":\"ReadAction\",\"target\":[\"https:\/\/interpretoo.it\/fr\/services\/traduction\/\"]}]},{\"@type\":\"BreadcrumbList\",\"@id\":\"https:\/\/interpretoo.it\/fr\/services\/traduction\/#breadcrumb\",\"itemListElement\":[{\"@type\":\"ListItem\",\"position\":1,\"item\":{\"@type\":\"WebPage\",\"@id\":\"https:\/\/interpretoo.it\/fr\/\",\"url\":\"https:\/\/interpretoo.it\/fr\/\",\"name\":\"Home\"}},{\"@type\":\"ListItem\",\"position\":2,\"item\":{\"@type\":\"WebPage\",\"@id\":\"https:\/\/interpretoo.it\/fr\/services\/\",\"url\":\"https:\/\/interpretoo.it\/fr\/services\/\",\"name\":\"Services\"}},{\"@type\":\"ListItem\",\"position\":3,\"item\":{\"@type\":\"WebPage\",\"@id\":\"https:\/\/interpretoo.it\/fr\/services\/traduction\/\",\"url\":\"https:\/\/interpretoo.it\/fr\/services\/traduction\/\",\"name\":\"Traduction\"}}]}]}<\/script>\n<!-- \/ Yoast SEO plugin. -->","_links":{"self":[{"href":"https:\/\/interpretoo.it\/fr\/wp-json\/wp\/v2\/pages\/64"}],"collection":[{"href":"https:\/\/interpretoo.it\/fr\/wp-json\/wp\/v2\/pages"}],"about":[{"href":"https:\/\/interpretoo.it\/fr\/wp-json\/wp\/v2\/types\/page"}],"author":[{"embeddable":true,"href":"https:\/\/interpretoo.it\/fr\/wp-json\/wp\/v2\/users\/1"}],"replies":[{"embeddable":true,"href":"https:\/\/interpretoo.it\/fr\/wp-json\/wp\/v2\/comments?post=64"}],"version-history":[{"count":3,"href":"https:\/\/interpretoo.it\/fr\/wp-json\/wp\/v2\/pages\/64\/revisions"}],"predecessor-version":[{"id":239,"href":"https:\/\/interpretoo.it\/fr\/wp-json\/wp\/v2\/pages\/64\/revisions\/239"}],"up":[{"embeddable":true,"href":"https:\/\/interpretoo.it\/fr\/wp-json\/wp\/v2\/pages\/139"}],"wp:attachment":[{"href":"https:\/\/interpretoo.it\/fr\/wp-json\/wp\/v2\/media?parent=64"}],"curies":[{"name":"wp","href":"https:\/\/api.w.org\/{rel}","templated":true}]}}