{"id":71,"date":"2020-12-30T13:08:05","date_gmt":"2020-12-30T12:08:05","guid":{"rendered":"https:\/\/www.mielcafedesign.com\/itdesign\/?page_id=71"},"modified":"2021-03-09T11:56:34","modified_gmt":"2021-03-09T10:56:34","slug":"formation-et-conseil","status":"publish","type":"page","link":"https:\/\/interpretoo.it\/fr\/services\/formation-et-conseil\/","title":{"rendered":"Formation et conseil"},"content":{"rendered":"<section id=\"section-5-47\" class=\" ct-section\" ><div class=\"ct-section-inner-wrap\"><div id=\"div_block-6-47\" class=\"ct-div-block\" ><div id=\"text_block-7-47\" class=\"ct-text-block\" >Services<\/div><h2 id=\"headline-8-47\" class=\"ct-headline\">Services de conseil et de formation<\/h2><\/div><\/div><\/section><section id=\"section-11-47\" class=\" ct-section\" ><div class=\"ct-section-inner-wrap\"><div id=\"new_columns-205-71\" class=\"ct-new-columns\" ><div id=\"div_block-206-71\" class=\"ct-div-block\" ><div id=\"div_block-212-71\" class=\"ct-div-block portrait\" ><img id=\"image-211-71\" alt=\"\" src=\"https:\/\/www.mielcafedesign.com\/itdesign\/wp-content\/uploads\/sites\/104\/2020\/12\/InterpreToo-Interpretrariato-E-Traduzioni-Alessandra-Cola-Servizio-Di-Interpretariato-Interpretazione.jpg\" class=\"ct-image\"\/><\/div><\/div><div id=\"div_block-207-71\" class=\"ct-div-block\" ><div id=\"_rich_text-210-71\" class=\"oxy-rich-text\" ><p style=\"font-size: 15px; line-height: inherit; margin: 28px 0px; box-sizing: inherit; color: #21384b; font-family: 'Work Sans';\">Avez-vous d&eacute;j&agrave; pass&eacute; des jours &agrave; la recherche de l&rsquo;interpr&egrave;te parfait ou noy&eacute;s sous les devis pour la location de l&rsquo;&eacute;quipement qui sert &agrave; organiser un &eacute;v&egrave;nement multilingue? Vous auriez pr&eacute;f&eacute;r&eacute; investir votre temps diff&eacute;remment, non?<\/p>\n<p style=\"font-size: 15px; line-height: inherit; margin: 28px 0px; box-sizing: inherit; color: #21384b; font-family: 'Work Sans';\">Avez-vous d&eacute;j&agrave; d&ucirc; lancer un produit\/service sur un march&eacute; &eacute;tranger sans &ecirc;tre s&ucirc;rs de pouvoir interagir avec la culture locale?<\/p>\n<p style=\"font-size: 15px; line-height: inherit; margin: 28px 0px; box-sizing: inherit; color: #21384b; font-family: 'Work Sans';\">Redoutez-vous de devoir mener une conversation dans une langue &eacute;trang&egrave;re? Votre accent mine-t-il votre professionnalisme durant les pr&eacute;sentations?<\/p>\n<p style=\"font-size: 15px; line-height: inherit; margin: 28px 0px; box-sizing: inherit; color: #21384b; font-family: 'Work Sans';\">Si vous vous &ecirc;tes jamais retrouv&eacute;s dans une de ces situations, alors vous avez frapp&eacute; &agrave; la bonne porte.<\/p>\n<p style=\"font-size: 15px; line-height: inherit; margin: 28px 0px; box-sizing: inherit; color: #21384b; font-family: 'Work Sans';\"><span style=\"font-weight: bolder; box-sizing: inherit;\">Mon objectif<\/span>&nbsp;est en effet de devenir votre point de r&eacute;f&eacute;rence pour tout ce qui concerne les langues &eacute;trang&egrave;res. De la traduction, &agrave; l&rsquo;interpr&eacute;tation, &agrave; la location des &eacute;quipements audio ou &agrave; la localisation d&rsquo;un nouveau produit sur le march&eacute; ext&eacute;rieur.<\/p>\n<p style=\"font-size: 15px; line-height: inherit; margin: 28px 0px; box-sizing: inherit; color: #21384b; font-family: 'Work Sans';\">Je demeure convaincue que la relation entre l&rsquo;experte linguistique et le professionnel peut aller outre la simple mission ponctuelle, en garantissant des r&eacute;sultats plus satisfaisants sur le long terme.<\/p>\n<p style=\"font-size: 15px; line-height: inherit; margin: 28px 0px; box-sizing: inherit; color: #21384b; font-family: 'Work Sans';\">Si vous le souhaitez, je deviendrai votre alli&eacute;e de premier plan, en vous aidant &agrave; atteindre vos objectifs de fa&ccedil;on efficace et professionnelle.<\/p><\/div><\/div><\/div><\/div><\/section><section id=\"section-24-47\" class=\" ct-section\" ><div class=\"ct-section-inner-wrap\"><div id=\"text_block-25-47\" class=\"ct-text-block\" >En quoi puis-je vous aider?<\/div><div id=\"new_columns-28-47\" class=\"ct-new-columns\" ><div id=\"div_block-29-47\" class=\"ct-div-block\" ><div id=\"div_block-31-47\" class=\"ct-div-block\" ><div id=\"div_block-32-47\" class=\"ct-div-block\" ><div id=\"fancy_icon-33-47\" class=\"ct-fancy-icon\" ><svg id=\"svg-fancy_icon-33-47\"><use xlink:href=\"#Lineariconsicon-arrow-right\"><\/use><\/svg><\/div><\/div><h3 id=\"headline-34-47\" class=\"ct-headline\">Conseil en marketing et localisation<br><\/h3><\/div><div id=\"_rich_text-36-47\" class=\"oxy-rich-text\" ><p>Vous travaillez avec le march\u00e9 international et avez besoin d\u2019une aide constante pour g\u00e9rer au mieux la correspondance avec leur d\u00e9partement de commerce ext\u00e9rieur?<\/p>\r\n<p>Vous travaillez sur un produit qui sera commercialis\u00e9 sur diff\u00e9rents march\u00e9s et vous voulez faire en sorte que la campagne de marketing respecte les us et coutumes du march\u00e9 cible?<\/p>\r\n<p>Organisez d\u00e8s \u00e0 pr\u00e9sent une prise de contact t\u00e9l\u00e9phonique en remplissant le formulaire de renseignements ci-dessous. Nous parlerons de votre projet et de la fa\u00e7on dont je pourrai vous aider \u00e0 atteindre vos objectifs.<\/p><\/div><\/div><\/div><div id=\"new_columns-40-47\" class=\"ct-new-columns\" ><div id=\"div_block-41-47\" class=\"ct-div-block\" ><div id=\"div_block-42-47\" class=\"ct-div-block\" ><div id=\"div_block-43-47\" class=\"ct-div-block\" ><div id=\"fancy_icon-44-47\" class=\"ct-fancy-icon\" ><svg id=\"svg-fancy_icon-44-47\"><use xlink:href=\"#Lineariconsicon-arrow-right\"><\/use><\/svg><\/div><\/div><h3 id=\"headline-45-47\" class=\"ct-headline\">Gestion de projets multilingues<br><\/h3><\/div><div id=\"_rich_text-46-47\" class=\"oxy-rich-text\" ><p>Vous avez besoin de traduire un texte en plusieurs langues et vous n\u2019avez jamais le temps de chercher les bons traducteurs?<\/p>\r\n<p>En plus de 10 ans d\u2019activit\u00e9 dans le secteur, j\u2019ai pu faire la connaissance de nombreux professionnels sp\u00e9cialis\u00e9s dans de multiples langues et domaines.<\/p>\r\n<p>Remplissez le formulaire ci-dessous avec les informations concernant votre projet et je vous aiderai \u00e0 trouver les professionnels qu\u2019il vous faut.<\/p><\/div><\/div><\/div><div id=\"new_columns-52-47\" class=\"ct-new-columns\" ><div id=\"div_block-53-47\" class=\"ct-div-block\" ><div id=\"div_block-54-47\" class=\"ct-div-block\" ><div id=\"div_block-55-47\" class=\"ct-div-block\" ><div id=\"fancy_icon-56-47\" class=\"ct-fancy-icon\" ><svg id=\"svg-fancy_icon-56-47\"><use xlink:href=\"#Lineariconsicon-arrow-right\"><\/use><\/svg><\/div><\/div><h3 id=\"headline-57-47\" class=\"ct-headline\">Conseil pour les \u00e9v\u00e8nements<br><\/h3><\/div><div id=\"_rich_text-58-47\" class=\"oxy-rich-text\" ><p>Vous organisez un \u00e9v\u00e8nement international et vous souhaiteriez pouvoir d\u00e9l\u00e9guer tout ce qui concerne le service d\u2019interpr\u00e9tation?<\/p>\r\n<p>Avec ce service de conseil, je serai \u00e0 vos c\u00f4t\u00e9s pour organiser cet \u00e9v\u00e8nement. Je choisirai la meilleure \u00e9quipe d\u2019interpr\u00e8tes et je m\u2019occuperai de louer tout l\u2019\u00e9quipement technique n\u00e9cessaire.<\/p>\r\n<p>Pour de plus amples informations sur ce service, remplissez le formulaire ci-dessous avec les informations relatives \u00e0 votre \u00e9v\u00e8nement. Nous fixerons un appel pour faire connaissance et d\u00e9finir ensemble vos besoins et d\u00e9lais.<\/p><\/div><\/div><\/div><div id=\"new_columns-190-71\" class=\"ct-new-columns\" ><div id=\"div_block-194-71\" class=\"ct-div-block\" ><div id=\"div_block-195-71\" class=\"ct-div-block\" ><div id=\"div_block-196-71\" class=\"ct-div-block\" ><div id=\"fancy_icon-197-71\" class=\"ct-fancy-icon\" ><svg id=\"svg-fancy_icon-197-71\"><use xlink:href=\"#Lineariconsicon-arrow-right\"><\/use><\/svg><\/div><\/div><h3 id=\"headline-198-71\" class=\"ct-headline\">Formation linguistique pour les entreprises et les professionnels<\/h3><\/div><div id=\"_rich_text-199-71\" class=\"oxy-rich-text\" ><p>Vous souhaiteriez apprendre l\u2019anglais ou le fran\u00e7ais pour am\u00e9liorer vos comp\u00e9tences professionnelles?<\/p>\r\n<p>Vous avez besoin de perfectionner votre grammaire?<\/p>\r\n<p>Vous souhaiteriez faire des s\u00e9ances de conversation en langue \u00e9trang\u00e8re pour am\u00e9liorer votre accent?<\/p>\r\n<p>Les cours de formation linguistique sont la meilleure fa\u00e7on d\u2019am\u00e9liorer votre rapport avec les langues \u00e9trang\u00e8res. Ils peuvent \u00eatre individuels ou en groupe, pour niveau d\u00e9butant ou avanc\u00e9, pour entreprises ou particuliers.<\/p><\/div><div id=\"_rich_text-202-71\" class=\"oxy-rich-text\" ><p><em>Attention: \u00e0 l\u2019heure actuelle, au vu de la situation sanitaire avec le Covid-19, les cours pour les particuliers se tiennent uniquement en ligne. Les cours pour les entreprises peuvent se tenir en pr\u00e9sence dans les cas pr\u00e9vus par la loi et conform\u00e9ment aux mesures de pr\u00e9vention \u00e9tablies.<\/em><\/p><\/div><\/div><\/div><\/div><\/section><section id=\"section-118-47\" class=\" ct-section\" ><div class=\"ct-section-inner-wrap\"><div id=\"div_block-119-47\" class=\"ct-div-block\" ><div id=\"_rich_text-204-71\" class=\"oxy-rich-text\" ><p>Pour de plus amples informations sur ce service pour vous-m\u00eame ou votre entreprise, remplissez le formulaire ci-dessous. Je vous contacterai d\u00e8s que possible pour planifier notre premi\u00e8re rencontre.<\/p><\/div><div id=\"text_block-120-47\" class=\"ct-text-block\" >Remplissez le formulaire pour obtenir de plus amples informations ou un devis<br><\/div><div id=\"shortcode-140-47\" class=\"ct-shortcode\" ><div role=\"form\" class=\"wpcf7\" id=\"wpcf7-f73-o1\" lang=\"it-IT\" dir=\"ltr\">\n<div class=\"screen-reader-response\"><p role=\"status\" aria-live=\"polite\" aria-atomic=\"true\"><\/p> <ul><\/ul><\/div>\n<form action=\"\/fr\/wp-json\/wp\/v2\/pages\/71#wpcf7-f73-o1\" method=\"post\" class=\"wpcf7-form init\" novalidate=\"novalidate\" data-status=\"init\">\n<div style=\"display: none;\">\n<input type=\"hidden\" name=\"_wpcf7\" value=\"73\" \/>\n<input type=\"hidden\" name=\"_wpcf7_version\" value=\"5.4\" \/>\n<input type=\"hidden\" name=\"_wpcf7_locale\" value=\"it_IT\" \/>\n<input type=\"hidden\" name=\"_wpcf7_unit_tag\" value=\"wpcf7-f73-o1\" \/>\n<input type=\"hidden\" name=\"_wpcf7_container_post\" value=\"0\" \/>\n<input type=\"hidden\" name=\"_wpcf7_posted_data_hash\" value=\"\" \/>\n<input type=\"hidden\" name=\"_wpcf7_recaptcha_response\" value=\"\" \/>\n<\/div>\n<div class=\"primariga\"><span class=\"wpcf7-form-control-wrap your-name\"><input type=\"text\" name=\"your-name\" value=\"\" size=\"40\" class=\"wpcf7-form-control wpcf7-text wpcf7-validates-as-required\" aria-required=\"true\" aria-invalid=\"false\" placeholder=\"Nom*\" \/><\/span><span class=\"wpcf7-form-control-wrap your-surname\"><input type=\"text\" name=\"your-surname\" value=\"\" size=\"40\" class=\"wpcf7-form-control wpcf7-text\" aria-invalid=\"false\" placeholder=\"Pr\u00e9nom\" \/><\/span><\/div>\n<p><span class=\"wpcf7-form-control-wrap your-email\"><input type=\"email\" name=\"your-email\" value=\"\" size=\"40\" class=\"wpcf7-form-control wpcf7-text wpcf7-email wpcf7-validates-as-required wpcf7-validates-as-email\" aria-required=\"true\" aria-invalid=\"false\" placeholder=\"Email*\" \/><\/span><\/p>\n<p><span class=\"wpcf7-form-control-wrap Tipodirichiesta\"><select name=\"Tipodirichiesta\" class=\"wpcf7-form-control wpcf7-select\" aria-invalid=\"false\"><option value=\"\">---<\/option><option value=\"Conseil en marketing et localisation\">Conseil en marketing et localisation<\/option><option value=\"Gestion de projets multilingues\">Gestion de projets multilingues<\/option><option value=\"Conseil pour \u00e9v\u00e8nements\">Conseil pour \u00e9v\u00e8nements<\/option><option value=\"Formation linguistique\">Formation linguistique<\/option><\/select><\/span><\/p>\n<p><span class=\"wpcf7-form-control-wrap LingueDiLavoro\"><select name=\"LingueDiLavoro\" class=\"wpcf7-form-control wpcf7-select\" aria-invalid=\"false\"><option value=\"\">---<\/option><option value=\"Italien\">Italien<\/option><option value=\"Anglais\">Anglais<\/option><option value=\"Fran\u00e7ais\">Fran\u00e7ais<\/option><\/select><\/span><\/p>\n<p><span class=\"wpcf7-form-control-wrap MercatoDiAppartenenzaInterpretariato\"><select name=\"MercatoDiAppartenenzaInterpretariato\" class=\"wpcf7-form-control wpcf7-select\" aria-invalid=\"false\"><option value=\"\">---<\/option><option value=\"Mode et artisanat\">Mode et artisanat<\/option><option value=\"Secteur de l\u2019alimentation \/ agroalimentaire\">Secteur de l\u2019alimentation \/ agroalimentaire<\/option><option value=\"Secteur \u00e0 but non lucratif \/ ONG\">Secteur \u00e0 but non lucratif \/ ONG<\/option><option value=\"Environnement et durabilit\u00e9 \u00e9nerg\u00e9tique\">Environnement et durabilit\u00e9 \u00e9nerg\u00e9tique<\/option><option value=\"Marketing\">Marketing<\/option><option value=\"M\u00e9decine et psychologie\">M\u00e9decine et psychologie<\/option><option value=\"Autre\">Autre<\/option><\/select><\/span><\/p>\n<p><span class=\"wpcf7-form-control-wrap your-message\"><textarea name=\"your-message\" cols=\"40\" rows=\"10\" class=\"wpcf7-form-control wpcf7-textarea wpcf7-validates-as-required\" aria-required=\"true\" aria-invalid=\"false\" placeholder=\"Autres informations...*\"><\/textarea><\/span><\/p>\n<p class='accettazione'><span class=\"wpcf7-form-control-wrap acceptance-279\"><span class=\"wpcf7-form-control wpcf7-acceptance\"><span class=\"wpcf7-list-item\"><label><input type=\"checkbox\" name=\"acceptance-279\" value=\"1\" aria-invalid=\"false\" \/><span class=\"wpcf7-list-item-label\">J'ai lu et accepte les conditions de la <a href=\"\/fr\/privacy-policy\">politique de confidentialit\u00e9<\/a>.<\/span><\/label><\/span><\/span><\/span> <\/p>\n<p><button class=\"bottone-contatti button onwhite\">Envoyer un message  \ue87a<\/button><\/p>\n<div class=\"wpcf7-response-output\" aria-hidden=\"true\"><\/div><\/form><\/div><\/div><\/div><\/div><\/section><section id=\"section-141-47\" class=\" ct-section\" ><div class=\"ct-section-inner-wrap\"><div id=\"text_block-142-47\" class=\"ct-text-block\" >faq<br><\/div><div id=\"div_block-157-47\" class=\"ct-div-block\" ><div id=\"_toggle-145-47\" class=\"oxy-toggle toggle-9009 toggle-9009-expanded\"  data-oxy-toggle-initial-state=\"open\" data-oxy-toggle-active-class=\"toggle-9009-expanded\" >\n\t\t\t<div class='oxy-expand-collapse-icon' href='#'><\/div>\n\t\t\t<div class='oxy-toggle-content'>\n\t\t\t\t<div id=\"div_block-149-47\" class=\"ct-div-block\" ><h1 id=\"headline-146-47\" class=\"ct-headline\">Modalit\u00e9s de paiement<br><\/h1><div id=\"fancy_icon-150-47\" class=\"ct-fancy-icon\" ><svg id=\"svg-fancy_icon-150-47\"><use xlink:href=\"#Lineariconsicon-chevron-down\"><\/use><\/svg><\/div><\/div>\t\t\t<\/div>\n\t\t<\/div><div id=\"text_block-147-47\" class=\"ct-text-block\" >Le paiement des services de conseil et de formation se fait par virement bancaire. De plus amples d\u00e9tails seront indiqu\u00e9s sur le contrat.<br><\/div><\/div><div id=\"div_block-173-47\" class=\"ct-div-block\" ><div id=\"_toggle-174-47\" class=\"oxy-toggle toggle-9009 toggle-9009-expanded\"  data-oxy-toggle-initial-state=\"closed\" data-oxy-toggle-active-class=\"toggle-9009-expanded\" >\n\t\t\t<div class='oxy-expand-collapse-icon' href='#'><\/div>\n\t\t\t<div class='oxy-toggle-content'>\n\t\t\t\t<div id=\"div_block-175-47\" class=\"ct-div-block\" ><h1 id=\"headline-176-47\" class=\"ct-headline\">Me contacter<br><\/h1><div id=\"fancy_icon-177-47\" class=\"ct-fancy-icon\" ><svg id=\"svg-fancy_icon-177-47\"><use xlink:href=\"#Lineariconsicon-chevron-down\"><\/use><\/svg><\/div><\/div>\t\t\t<\/div>\n\t\t<\/div><div id=\"text_block-178-47\" class=\"ct-text-block\" >S\u2019il s\u2019agit d\u2019une demande d\u2019informations ou de devis, il est pr\u00e9f\u00e9rable d\u2019utiliser le formulaire de contact que vous trouverez sur le site ou d\u2019envoyer un mail \u00e0 <a href=\"mailto:alessandra@interpretoo.it\">alessandra@interpretoo.it<\/a>. Nous pourrons ensuite organiser un rendez-vous t\u00e9l\u00e9phonique pour discuter des d\u00e9tails de votre projet. <br><\/div><\/div><\/div><\/section>","protected":false},"excerpt":{"rendered":"","protected":false},"author":1,"featured_media":0,"parent":139,"menu_order":0,"comment_status":"closed","ping_status":"closed","template":"","meta":[],"yoast_head":"<!-- This site is optimized with the Yoast SEO plugin v15.9.2 - https:\/\/yoast.com\/wordpress\/plugins\/seo\/ -->\n<title>Formation et conseil &middot; InterpreToo<\/title>\n<link rel=\"canonical\" href=\"https:\/\/interpretoo.it\/fr\/services\/formation-et-conseil\/\" \/>\n<meta property=\"og:locale\" content=\"fr_FR\" \/>\n<meta property=\"og:type\" content=\"article\" \/>\n<meta property=\"og:title\" content=\"Formation et conseil &middot; InterpreToo\" \/>\n<meta property=\"og:url\" content=\"https:\/\/interpretoo.it\/fr\/services\/formation-et-conseil\/\" \/>\n<meta property=\"og:site_name\" content=\"InterpreToo\" \/>\n<meta property=\"article:publisher\" content=\"https:\/\/www.facebook.com\/InterpreToo\" \/>\n<meta property=\"article:modified_time\" content=\"2021-03-09T10:56:34+00:00\" \/>\n<meta name=\"twitter:card\" content=\"summary_large_image\" \/>\n<script type=\"application\/ld+json\" class=\"yoast-schema-graph\">{\"@context\":\"https:\/\/schema.org\",\"@graph\":[{\"@type\":\"Organization\",\"@id\":\"https:\/\/interpretoo.it\/fr\/#organization\",\"name\":\"InterpreToo\",\"url\":\"https:\/\/interpretoo.it\/fr\/\",\"sameAs\":[\"https:\/\/www.facebook.com\/InterpreToo\",\"https:\/\/www.linkedin.com\/in\/alessandra-cola-a0057623\/\"],\"logo\":{\"@type\":\"ImageObject\",\"@id\":\"https:\/\/interpretoo.it\/fr\/#logo\",\"inLanguage\":\"fr-FR\",\"url\":\"https:\/\/interpretoo.it\/fr\/wp-content\/uploads\/sites\/3\/2021\/02\/logo.png\",\"width\":710,\"height\":172,\"caption\":\"InterpreToo\"},\"image\":{\"@id\":\"https:\/\/interpretoo.it\/fr\/#logo\"}},{\"@type\":\"WebSite\",\"@id\":\"https:\/\/interpretoo.it\/fr\/#website\",\"url\":\"https:\/\/interpretoo.it\/fr\/\",\"name\":\"InterpreToo\",\"description\":\"Ecco un altro sito InterpreToo siti\",\"publisher\":{\"@id\":\"https:\/\/interpretoo.it\/fr\/#organization\"},\"potentialAction\":[{\"@type\":\"SearchAction\",\"target\":\"https:\/\/interpretoo.it\/fr\/?s={search_term_string}\",\"query-input\":\"required name=search_term_string\"}],\"inLanguage\":\"fr-FR\"},{\"@type\":\"WebPage\",\"@id\":\"https:\/\/interpretoo.it\/fr\/services\/formation-et-conseil\/#webpage\",\"url\":\"https:\/\/interpretoo.it\/fr\/services\/formation-et-conseil\/\",\"name\":\"Formation et conseil &middot; InterpreToo\",\"isPartOf\":{\"@id\":\"https:\/\/interpretoo.it\/fr\/#website\"},\"datePublished\":\"2020-12-30T12:08:05+00:00\",\"dateModified\":\"2021-03-09T10:56:34+00:00\",\"breadcrumb\":{\"@id\":\"https:\/\/interpretoo.it\/fr\/services\/formation-et-conseil\/#breadcrumb\"},\"inLanguage\":\"fr-FR\",\"potentialAction\":[{\"@type\":\"ReadAction\",\"target\":[\"https:\/\/interpretoo.it\/fr\/services\/formation-et-conseil\/\"]}]},{\"@type\":\"BreadcrumbList\",\"@id\":\"https:\/\/interpretoo.it\/fr\/services\/formation-et-conseil\/#breadcrumb\",\"itemListElement\":[{\"@type\":\"ListItem\",\"position\":1,\"item\":{\"@type\":\"WebPage\",\"@id\":\"https:\/\/interpretoo.it\/fr\/\",\"url\":\"https:\/\/interpretoo.it\/fr\/\",\"name\":\"Home\"}},{\"@type\":\"ListItem\",\"position\":2,\"item\":{\"@type\":\"WebPage\",\"@id\":\"https:\/\/interpretoo.it\/fr\/services\/\",\"url\":\"https:\/\/interpretoo.it\/fr\/services\/\",\"name\":\"Services\"}},{\"@type\":\"ListItem\",\"position\":3,\"item\":{\"@type\":\"WebPage\",\"@id\":\"https:\/\/interpretoo.it\/fr\/services\/formation-et-conseil\/\",\"url\":\"https:\/\/interpretoo.it\/fr\/services\/formation-et-conseil\/\",\"name\":\"Formation et conseil\"}}]}]}<\/script>\n<!-- \/ Yoast SEO plugin. -->","_links":{"self":[{"href":"https:\/\/interpretoo.it\/fr\/wp-json\/wp\/v2\/pages\/71"}],"collection":[{"href":"https:\/\/interpretoo.it\/fr\/wp-json\/wp\/v2\/pages"}],"about":[{"href":"https:\/\/interpretoo.it\/fr\/wp-json\/wp\/v2\/types\/page"}],"author":[{"embeddable":true,"href":"https:\/\/interpretoo.it\/fr\/wp-json\/wp\/v2\/users\/1"}],"replies":[{"embeddable":true,"href":"https:\/\/interpretoo.it\/fr\/wp-json\/wp\/v2\/comments?post=71"}],"version-history":[{"count":4,"href":"https:\/\/interpretoo.it\/fr\/wp-json\/wp\/v2\/pages\/71\/revisions"}],"predecessor-version":[{"id":262,"href":"https:\/\/interpretoo.it\/fr\/wp-json\/wp\/v2\/pages\/71\/revisions\/262"}],"up":[{"embeddable":true,"href":"https:\/\/interpretoo.it\/fr\/wp-json\/wp\/v2\/pages\/139"}],"wp:attachment":[{"href":"https:\/\/interpretoo.it\/fr\/wp-json\/wp\/v2\/media?parent=71"}],"curies":[{"name":"wp","href":"https:\/\/api.w.org\/{rel}","templated":true}]}}